{"id":993,"date":"2019-08-20T10:08:27","date_gmt":"2019-08-20T08:08:27","guid":{"rendered":"http:\/\/quadern-tpi.recursos.uoc.edu\/5-8-1-introduccio\/"},"modified":"2019-09-27T12:51:25","modified_gmt":"2019-09-27T10:51:25","slug":"5-8-1-introduccio","status":"publish","type":"page","link":"http:\/\/quadern-tpi.recursos.uoc.edu\/es\/5-8-1-introduccio\/","title":{"rendered":"5.8.1. Introducci\u00f3n"},"content":{"rendered":"<figure id=\"attachment_344\" aria-describedby=\"caption-attachment-344\" style=\"width: 800px\" class=\"wp-caption alignnone\"><img loading=\"lazy\" class=\"size-full wp-image-344\" src=\"\/wp-content\/uploads\/2019\/08\/20.212_140.jpg\" alt=\"\" width=\"800\" height=\"397\" srcset=\"\/wp-content\/uploads\/2019\/08\/20.212_140.jpg 800w, \/wp-content\/uploads\/2019\/08\/20.212_140-300x149.jpg 300w, \/wp-content\/uploads\/2019\/08\/20.212_140-768x381.jpg 768w\" sizes=\"(max-width: 800px) 100vw, 800px\" \/><figcaption id=\"caption-attachment-344\" class=\"wp-caption-text\">Rafael Lozano-Hemmer. <em>Call on Water<\/em> (2016)<\/figcaption><\/figure>\n<p>La <strong>poes\u00eda<\/strong> <strong>interactiva<\/strong> podr\u00eda ser considerada un subconjunto del <strong>arte interactivo<\/strong>, del que hablamos con detalle en el <strong>reto 3<\/strong>. La poes\u00eda interactiva es aquella en la que los espectadores participan en el poema de alguna manera, proporcionando est\u00edmulos que determinan el resultado. Hay muchas formas de interacci\u00f3n posibles. A veces basta con dejar que el espectador o participante pueda pasearse por la instalaci\u00f3n o interactuar tocando, hablando, etc. Igual que en el arte interactivo, en la poes\u00eda interactiva a veces el espectador se vuelve una parte de la obra de arte.<\/p>\n<p>Trabajos pioneros como el de <strong>Olia Lialina<\/strong> \u00abMy boyfriend came back from the war\u00bb (1996) (ved <a href=\"http:\/\/arts.recursos.uoc.edu\/programacio-disseny-arts\/es\/4-2-2-crear-para-la-red\/\" target=\"_blank\" rel=\"noopener noreferrer\"><em>Arte computacional: 4.2. Net.art: 2.1 Crear para la web<\/em><\/a>) se pueden considerar dentro de este g\u00e9nero. En <a href=\"http:\/\/meiac.es\/turbulence\/turbulence\/commissions\/text_ocean\/text_ocean.html\" target=\"_blank\" rel=\"noopener noreferrer\"><em>text_ocean<\/em><\/a> (2015) <strong>Zannah Marsh<\/strong> ofrece una lectura aleatoria y de visualizaci\u00f3n de texto utilizando como fuente <em>Moby Dick<\/em>, de Herman Melville. El usuario atrapa las palabras mediante clics y las coloca en diferentes espacios de la composici\u00f3n. De este modo, reescribe el texto original mientras se desarrolla la lectura. <em>Open.ended<\/em>, de <strong>Daniel<\/strong> <strong>C. Howe <\/strong>y <strong>Aya<\/strong><strong> Karpinska<\/strong>, es una propuesta interactiva en la que se pueden visualizar los versos en una superficie en 3D.<\/p>\n","protected":false},"excerpt":{"rendered":"<p>La poes\u00eda interactiva podr\u00eda ser considerada un subconjunto del arte interactivo, del que hablamos con detalle en el reto 3. La poes\u00eda interactiva es aquella en la que los espectadores participan en el poema de alguna manera, proporcionando est\u00edmulos que determinan el resultado. Hay muchas formas de interacci\u00f3n posibles. A veces basta con dejar que [&hellip;]<\/p>\n","protected":false},"author":2,"featured_media":0,"parent":0,"menu_order":0,"comment_status":"closed","ping_status":"closed","template":"","meta":[],"acf":[],"_links":{"self":[{"href":"http:\/\/quadern-tpi.recursos.uoc.edu\/es\/wp-json\/wp\/v2\/pages\/993"}],"collection":[{"href":"http:\/\/quadern-tpi.recursos.uoc.edu\/es\/wp-json\/wp\/v2\/pages"}],"about":[{"href":"http:\/\/quadern-tpi.recursos.uoc.edu\/es\/wp-json\/wp\/v2\/types\/page"}],"author":[{"embeddable":true,"href":"http:\/\/quadern-tpi.recursos.uoc.edu\/es\/wp-json\/wp\/v2\/users\/2"}],"replies":[{"embeddable":true,"href":"http:\/\/quadern-tpi.recursos.uoc.edu\/es\/wp-json\/wp\/v2\/comments?post=993"}],"version-history":[{"count":4,"href":"http:\/\/quadern-tpi.recursos.uoc.edu\/es\/wp-json\/wp\/v2\/pages\/993\/revisions"}],"predecessor-version":[{"id":1224,"href":"http:\/\/quadern-tpi.recursos.uoc.edu\/es\/wp-json\/wp\/v2\/pages\/993\/revisions\/1224"}],"wp:attachment":[{"href":"http:\/\/quadern-tpi.recursos.uoc.edu\/es\/wp-json\/wp\/v2\/media?parent=993"}],"curies":[{"name":"wp","href":"https:\/\/api.w.org\/{rel}","templated":true}]}}