{"id":987,"date":"2019-08-20T10:05:45","date_gmt":"2019-08-20T08:05:45","guid":{"rendered":"http:\/\/quadern-tpi.recursos.uoc.edu\/5-7-1-introduccio\/"},"modified":"2019-09-16T19:28:48","modified_gmt":"2019-09-16T17:28:48","slug":"5-7-1-introduccio","status":"publish","type":"page","link":"http:\/\/quadern-tpi.recursos.uoc.edu\/es\/5-7-1-introduccio\/","title":{"rendered":"5.7.1. Introducci\u00f3n"},"content":{"rendered":"<figure id=\"attachment_336\" aria-describedby=\"caption-attachment-336\" style=\"width: 800px\" class=\"wp-caption alignnone\"><img loading=\"lazy\" class=\"size-full wp-image-336\" src=\"\/wp-content\/uploads\/2019\/08\/20.212_136.jpg\" alt=\"\" width=\"800\" height=\"450\" srcset=\"\/wp-content\/uploads\/2019\/08\/20.212_136.jpg 800w, \/wp-content\/uploads\/2019\/08\/20.212_136-300x169.jpg 300w, \/wp-content\/uploads\/2019\/08\/20.212_136-768x432.jpg 768w\" sizes=\"(max-width: 800px) 100vw, 800px\" \/><figcaption id=\"caption-attachment-336\" class=\"wp-caption-text\">Daysuke Saito. <em>Kinetic Poetry<\/em> (2018)<\/figcaption><\/figure>\n<p>Generalmente, el movimiento no es algo que se asocie con la literatura. Pero los artistas que han explorado la <strong>poes\u00eda<\/strong> <strong>visual<\/strong> y la <strong>poes\u00eda<\/strong> <strong>concreta<\/strong> han imaginado nuevas maneras de leer rompiendo la linealidad y la unidireccionalidad del libro.<\/p>\n<p>Primero, los poetas empezaron a forzar al lector, jugando con los usos del espacio, las tipograf\u00edas y la inclusi\u00f3n de im\u00e1genes, a \u00abmoverse\u00bb por el poema, a recorrerlo usando los ojos. Con la llegada del cine, y despu\u00e9s de las tecnolog\u00edas digitales, pudieron dotarse de movimiento palabras y textos en soportes completamente diferentes a los del papel y el libro cl\u00e1sico. Leed, por ejemplo, esta<a href=\"https:\/\/youtu.be\/_xA4M8n-zMc\" target=\"_blank\" rel=\"noopener noreferrer\"> poes\u00eda cin\u00e9tica<\/a> de <a href=\"http:\/\/www.daisuke-saito.com\/\" target=\"_blank\" rel=\"noopener noreferrer\"><strong>Daysuke Saito<\/strong><\/a> (2018):<\/p>\n<p><iframe loading=\"lazy\" src=\"https:\/\/www.youtube.com\/embed\/_xA4M8n-zMc\" width=\"560\" height=\"315\" frameborder=\"0\" allowfullscreen=\"allowfullscreen\"><\/iframe><\/p>\n<p>Leed tambi\u00e9n esta adaptaci\u00f3n del poema \u00abP\u00e9ndulo\u00bb de <a href=\"https:\/\/pt.wikipedia.org\/wiki\/E._M._de_Melo_e_Castro\" target=\"_blank\" rel=\"noopener noreferrer\"><strong>E. M. de Melo e Castro<\/strong><\/a> (1961-1962):<\/p>\n<p><iframe loading=\"lazy\" src=\"https:\/\/www.youtube.com\/embed\/Ff9XAvGJMPE\" width=\"560\" height=\"315\" frameborder=\"0\" allowfullscreen=\"allowfullscreen\"><\/iframe><\/p>\n","protected":false},"excerpt":{"rendered":"<p>Generalmente, el movimiento no es algo que se asocie con la literatura. Pero los artistas que han explorado la poes\u00eda visual y la poes\u00eda concreta han imaginado nuevas maneras de leer rompiendo la linealidad y la unidireccionalidad del libro. Primero, los poetas empezaron a forzar al lector, jugando con los usos del espacio, las tipograf\u00edas [&hellip;]<\/p>\n","protected":false},"author":2,"featured_media":0,"parent":0,"menu_order":0,"comment_status":"closed","ping_status":"closed","template":"","meta":[],"acf":[],"_links":{"self":[{"href":"http:\/\/quadern-tpi.recursos.uoc.edu\/es\/wp-json\/wp\/v2\/pages\/987"}],"collection":[{"href":"http:\/\/quadern-tpi.recursos.uoc.edu\/es\/wp-json\/wp\/v2\/pages"}],"about":[{"href":"http:\/\/quadern-tpi.recursos.uoc.edu\/es\/wp-json\/wp\/v2\/types\/page"}],"author":[{"embeddable":true,"href":"http:\/\/quadern-tpi.recursos.uoc.edu\/es\/wp-json\/wp\/v2\/users\/2"}],"replies":[{"embeddable":true,"href":"http:\/\/quadern-tpi.recursos.uoc.edu\/es\/wp-json\/wp\/v2\/comments?post=987"}],"version-history":[{"count":1,"href":"http:\/\/quadern-tpi.recursos.uoc.edu\/es\/wp-json\/wp\/v2\/pages\/987\/revisions"}],"predecessor-version":[{"id":988,"href":"http:\/\/quadern-tpi.recursos.uoc.edu\/es\/wp-json\/wp\/v2\/pages\/987\/revisions\/988"}],"wp:attachment":[{"href":"http:\/\/quadern-tpi.recursos.uoc.edu\/es\/wp-json\/wp\/v2\/media?parent=987"}],"curies":[{"name":"wp","href":"https:\/\/api.w.org\/{rel}","templated":true}]}}