{"id":984,"date":"2019-08-20T10:03:28","date_gmt":"2019-08-20T08:03:28","guid":{"rendered":"http:\/\/quadern-tpi.recursos.uoc.edu\/5-6-2-exercici-3-juguem-amb-un-generador-de-poesia-en-linia\/"},"modified":"2021-12-21T10:41:10","modified_gmt":"2021-12-21T08:41:10","slug":"ejercicio-4-jugamos-con-un-generador-de-poesia-en-linea","status":"publish","type":"page","link":"http:\/\/quadern-tpi.recursos.uoc.edu\/es\/ejercicio-4-jugamos-con-un-generador-de-poesia-en-linea\/","title":{"rendered":"5.6.2. Ejercicio 4: jugamos con un generador de poes\u00eda en l\u00ednea"},"content":{"rendered":"<p>En este ejercicio os pedimos que prob\u00e9is este generador de poes\u00eda y jugu\u00e9is con \u00e9l: <a href=\"http:\/\/poetryme.dei.uc.pt\/\" target=\"_blank\" rel=\"noopener noreferrer\">PoeTryMe<\/a>. Est\u00e1 desarrollado por un equipo del Center of Informatics and Systems de la Universidad de Coimbra, Portugal. Permite generar poemas en ingl\u00e9s, portugu\u00e9s y espa\u00f1ol siguiendo diferentes formas po\u00e9ticas y a partir de unas palabras \u00absemilla\u00bb que hemos de introducir.<\/p>\n<p><img loading=\"lazy\" class=\"alignnone size-full wp-image-334\" src=\"\/wp-content\/uploads\/2019\/08\/20.212_135.jpg\" alt=\"\" width=\"800\" height=\"262\" srcset=\"\/wp-content\/uploads\/2019\/08\/20.212_135.jpg 800w, \/wp-content\/uploads\/2019\/08\/20.212_135-300x98.jpg 300w, \/wp-content\/uploads\/2019\/08\/20.212_135-768x252.jpg 768w\" sizes=\"(max-width: 800px) 100vw, 800px\" \/><\/p>\n<p>En la misma p\u00e1gina encontrar\u00e9is un enlace al Co-PoeTryMe que permite hacer <em>human enhancement <\/em>una vez que hemos generado un poema.<\/p>\n<p>Os pedimos que prob\u00e9is diferentes composiciones, diferentes palabras-semilla, diferentes lenguas, que seleccion\u00e9is resultados que os sorprendan y\/o gusten, y que los compart\u00e1is explicando el porqu\u00e9 de vuestra selecci\u00f3n.<\/p>\n<p>Si quer\u00e9is, tambi\u00e9n pod\u00e9is tratar de modificar los poemas generados autom\u00e1ticamente y hacer vuestras versiones mejoradas.<\/p>\n","protected":false},"excerpt":{"rendered":"<p>En este ejercicio os pedimos que prob\u00e9is este generador de poes\u00eda y jugu\u00e9is con \u00e9l: PoeTryMe. Est\u00e1 desarrollado por un equipo del Center of Informatics and Systems de la Universidad de Coimbra, Portugal. Permite generar poemas en ingl\u00e9s, portugu\u00e9s y espa\u00f1ol siguiendo diferentes formas po\u00e9ticas y a partir de unas palabras \u00absemilla\u00bb que hemos de [&hellip;]<\/p>\n","protected":false},"author":2,"featured_media":0,"parent":0,"menu_order":0,"comment_status":"closed","ping_status":"closed","template":"","meta":[],"acf":[],"_links":{"self":[{"href":"http:\/\/quadern-tpi.recursos.uoc.edu\/es\/wp-json\/wp\/v2\/pages\/984"}],"collection":[{"href":"http:\/\/quadern-tpi.recursos.uoc.edu\/es\/wp-json\/wp\/v2\/pages"}],"about":[{"href":"http:\/\/quadern-tpi.recursos.uoc.edu\/es\/wp-json\/wp\/v2\/types\/page"}],"author":[{"embeddable":true,"href":"http:\/\/quadern-tpi.recursos.uoc.edu\/es\/wp-json\/wp\/v2\/users\/2"}],"replies":[{"embeddable":true,"href":"http:\/\/quadern-tpi.recursos.uoc.edu\/es\/wp-json\/wp\/v2\/comments?post=984"}],"version-history":[{"count":2,"href":"http:\/\/quadern-tpi.recursos.uoc.edu\/es\/wp-json\/wp\/v2\/pages\/984\/revisions"}],"predecessor-version":[{"id":2703,"href":"http:\/\/quadern-tpi.recursos.uoc.edu\/es\/wp-json\/wp\/v2\/pages\/984\/revisions\/2703"}],"wp:attachment":[{"href":"http:\/\/quadern-tpi.recursos.uoc.edu\/es\/wp-json\/wp\/v2\/media?parent=984"}],"curies":[{"name":"wp","href":"https:\/\/api.w.org\/{rel}","templated":true}]}}