{"id":966,"date":"2019-08-20T09:51:19","date_gmt":"2019-08-20T07:51:19","guid":{"rendered":"http:\/\/quadern-tpi.recursos.uoc.edu\/5-4-2-exercici-1-lletrisme-i-espacialisme-amb-snap\/"},"modified":"2022-06-07T15:43:38","modified_gmt":"2022-06-07T13:43:38","slug":"5-4-2-exercici-1-lletrisme-i-espacialisme-amb-snap","status":"publish","type":"page","link":"http:\/\/quadern-tpi.recursos.uoc.edu\/es\/5-4-2-exercici-1-lletrisme-i-espacialisme-amb-snap\/","title":{"rendered":"5.4.2. Ejercicio 1: letrismo y espacialismo con Snap!"},"content":{"rendered":"<figure id=\"attachment_292\" aria-describedby=\"caption-attachment-292\" style=\"width: 800px\" class=\"wp-caption alignnone\"><img loading=\"lazy\" class=\"size-full wp-image-292\" src=\"\/wp-content\/uploads\/2019\/08\/20.212_114.jpg\" alt=\"\" width=\"800\" height=\"566\" srcset=\"\/wp-content\/uploads\/2019\/08\/20.212_114.jpg 800w, \/wp-content\/uploads\/2019\/08\/20.212_114-300x212.jpg 300w, \/wp-content\/uploads\/2019\/08\/20.212_114-768x543.jpg 768w\" sizes=\"(max-width: 800px) 100vw, 800px\" \/><figcaption id=\"caption-attachment-292\" class=\"wp-caption-text\">P\u00e1ginas de <em>Po\u00e8mes m\u00e9caniques<\/em> (1965), de Pierre e Ilse Garnier<\/figcaption><\/figure>\n<p>El <a href=\"https:\/\/en.wikipedia.org\/wiki\/Lettrism\" target=\"_blank\" rel=\"noopener noreferrer\">letrismo<\/a>, un <a href=\"https:\/\/sindominio.net\/ash\/presit04.htm\" target=\"_blank\" rel=\"noopener noreferrer\">movimiento de vanguardia posterior a la Segunda Guerra Mundial<\/a>, se centr\u00f3 en el elemento m\u00ednimo de la escritura: la letra. Posteriormente, el <a href=\"http:\/\/www.proa.org\/exhibiciones\/pasadas\/fontana\/textos.html\" target=\"_blank\" rel=\"noopener\">espacialismo<\/a> explor\u00f3 la idea de entender la p\u00e1gina como espacio donde se pueden mover las letras y el texto para encontrar nuevos significados.<\/p>\n<p>Os proponemos un ejercicio abierto en el que os inspir\u00e9is en el <a href=\"https:\/\/www.museoreinasofia.es\/sites\/default\/files\/salas\/informacion\/403_esp.letrismo.pdf\" target=\"_blank\" rel=\"noopener noreferrer\">letrismo<\/a> y\/o en el espacialismo para realizar un proyecto con Snap!<\/p>\n<p>Para facilitaros un poco el trabajo, compartimos a continuaci\u00f3n un ejemplo realizado mediante Snap! utilizando un solo personaje que tiene por vestidos las diferentes letras, de modo que lo podemos ir moviendo, cambiando de medida, de orientaci\u00f3n y de vestido, y estampar en el escenario, produciendo efectos parecidos a los de los <em>po\u00e8mes m\u00e9caniques<\/em> de <a href=\"https:\/\/core.ac.uk\/download\/pdf\/38845847.pdf\"><strong>Pierre <\/strong><\/a><a href=\"https:\/\/core.ac.uk\/download\/pdf\/38845847.pdf\">i<\/a><a href=\"https:\/\/core.ac.uk\/download\/pdf\/38845847.pdf\" target=\"_blank\" rel=\"noopener noreferrer\"><strong> Ilse Garnier<\/strong><\/a><a href=\"https:\/\/core.ac.uk\/download\/pdf\/38845847.pdf\">.<\/a><\/p>\n<p>Aqu\u00ed ten\u00e9is el<a href=\"https:\/\/snap.berkeley.edu\/snapsource\/snap.html#present:Username=uoc_tpi&amp;ProjectName=Poetry%20Spatialism\" target=\"_blank\" rel=\"noopener noreferrer\"> c\u00f3digo<\/a> Snap! del ejemplo. Construyamos una matriz de letras mediante dos bucles. En cada iteraci\u00f3n elegimos un vestido aleatorio (es decir, cambiamos de letra), elegimos una orientaci\u00f3n aleatoria y estampamos el personaje en el escenario.<\/p>\n<p><img loading=\"lazy\" class=\"alignnone wp-image-1415 size-full\" src=\"\/wp-content\/uploads\/2019\/10\/20.212_115_cast.jpg\" alt=\"\" width=\"800\" height=\"346\" srcset=\"\/wp-content\/uploads\/2019\/10\/20.212_115_cast.jpg 800w, \/wp-content\/uploads\/2019\/10\/20.212_115_cast-300x130.jpg 300w, \/wp-content\/uploads\/2019\/10\/20.212_115_cast-768x332.jpg 768w\" sizes=\"(max-width: 800px) 100vw, 800px\" \/><\/p>\n<p>Nosotros hemos puesto las letras en una matriz, pero podr\u00edamos haber jugado con la aleatoriedad de la posici\u00f3n o haciendo dibujos con estas letras.<\/p>\n<p>Tambi\u00e9n podemos hacer sobreimpresiones estampando en lugares donde ya hemos estampado. El c\u00f3digo siguiente repite el anterior y a\u00f1ade dos bucles m\u00e1s detr\u00e1s, que repiten todo el proceso pero en una franja m\u00e1s estrecha.<\/p>\n<p><img loading=\"lazy\" class=\"alignnone wp-image-1417 size-full\" src=\"\/wp-content\/uploads\/2019\/10\/20.212_116_cast.jpg\" alt=\"\" width=\"800\" height=\"647\" srcset=\"\/wp-content\/uploads\/2019\/10\/20.212_116_cast.jpg 800w, \/wp-content\/uploads\/2019\/10\/20.212_116_cast-300x243.jpg 300w, \/wp-content\/uploads\/2019\/10\/20.212_116_cast-768x621.jpg 768w\" sizes=\"(max-width: 800px) 100vw, 800px\" \/><\/p>\n<p>Os pedimos que, inspir\u00e1ndoos en el letrismo y el espacialismo (y, si quer\u00e9is, aprovechando el c\u00f3digo del ejemplo que acabamos de explicar), imagin\u00e9is y program\u00e9is un proyecto nuevo con Snap! Cuando lo teng\u00e1is, guardadlo y compartidlo.<\/p>\n","protected":false},"excerpt":{"rendered":"<p>El letrismo, un movimiento de vanguardia posterior a la Segunda Guerra Mundial, se centr\u00f3 en el elemento m\u00ednimo de la escritura: la letra. Posteriormente, el espacialismo explor\u00f3 la idea de entender la p\u00e1gina como espacio donde se pueden mover las letras y el texto para encontrar nuevos significados. Os proponemos un ejercicio abierto en el [&hellip;]<\/p>\n","protected":false},"author":2,"featured_media":0,"parent":0,"menu_order":0,"comment_status":"closed","ping_status":"closed","template":"","meta":[],"acf":[],"_links":{"self":[{"href":"http:\/\/quadern-tpi.recursos.uoc.edu\/es\/wp-json\/wp\/v2\/pages\/966"}],"collection":[{"href":"http:\/\/quadern-tpi.recursos.uoc.edu\/es\/wp-json\/wp\/v2\/pages"}],"about":[{"href":"http:\/\/quadern-tpi.recursos.uoc.edu\/es\/wp-json\/wp\/v2\/types\/page"}],"author":[{"embeddable":true,"href":"http:\/\/quadern-tpi.recursos.uoc.edu\/es\/wp-json\/wp\/v2\/users\/2"}],"replies":[{"embeddable":true,"href":"http:\/\/quadern-tpi.recursos.uoc.edu\/es\/wp-json\/wp\/v2\/comments?post=966"}],"version-history":[{"count":4,"href":"http:\/\/quadern-tpi.recursos.uoc.edu\/es\/wp-json\/wp\/v2\/pages\/966\/revisions"}],"predecessor-version":[{"id":2856,"href":"http:\/\/quadern-tpi.recursos.uoc.edu\/es\/wp-json\/wp\/v2\/pages\/966\/revisions\/2856"}],"wp:attachment":[{"href":"http:\/\/quadern-tpi.recursos.uoc.edu\/es\/wp-json\/wp\/v2\/media?parent=966"}],"curies":[{"name":"wp","href":"https:\/\/api.w.org\/{rel}","templated":true}]}}