{"id":962,"date":"2019-08-20T09:48:48","date_gmt":"2019-08-20T07:48:48","guid":{"rendered":"http:\/\/quadern-tpi.recursos.uoc.edu\/5-4-1-introduccio\/"},"modified":"2021-12-21T10:37:05","modified_gmt":"2021-12-21T08:37:05","slug":"5-4-1-introduccio","status":"publish","type":"page","link":"http:\/\/quadern-tpi.recursos.uoc.edu\/es\/5-4-1-introduccio\/","title":{"rendered":"5.4.1. Introducci\u00f3n"},"content":{"rendered":"<figure id=\"attachment_290\" aria-describedby=\"caption-attachment-290\" style=\"width: 600px\" class=\"wp-caption alignnone\"><img loading=\"lazy\" class=\"size-full wp-image-290\" src=\"\/wp-content\/uploads\/2019\/08\/20.212_113.jpg\" alt=\"\" width=\"600\" height=\"647\" srcset=\"\/wp-content\/uploads\/2019\/08\/20.212_113.jpg 600w, \/wp-content\/uploads\/2019\/08\/20.212_113-278x300.jpg 278w\" sizes=\"(max-width: 600px) 100vw, 600px\" \/><figcaption id=\"caption-attachment-290\" class=\"wp-caption-text\">Eugen Gomringer. <em>Do you think<\/em> (2005)<\/figcaption><\/figure>\n<p>Durante el siglo <span class=\"roman\">xx<\/span> la poes\u00eda se expandi\u00f3 a varios \u00e1mbitos creativos, explorando distintos formatos y experimentando en los dominios de la imagen y el sonido.<\/p>\n<p>Esto que ahora podemos denominar poes\u00eda experimental empez\u00f3 sobre todo a partir de mediados de los a\u00f1os cuarenta del siglo xx, adoptando muchas formas diferentes, como el letrismo, la poes\u00eda visual, la poes\u00eda sonora, la poes\u00eda concreta, los poemas objeto, el espacialismo, etc., vinculadas a movimientos de vanguardia europeos y americanos.<\/p>\n<p>Un resumen fant\u00e1stico de la poes\u00eda experimental del siglo xx se recoge en la exposici\u00f3n \u00ab<a href=\"https:\/\/www.fundaciojoanbrossa.cat\/arxiu-arts-visuals\/la-xarxa-al-bosc-joan-brossa-i-la-poesia-experimental\/\" target=\"_blank\" rel=\"noopener noreferrer\">La xarxa al bos<\/a>c\u00bb (mayo-septiembre de 2019) de la Fundaci\u00f3n Joan Brossa de Barcelona. De hecho, el propio<strong> Joan Brossa<\/strong> es un ejemplo claro de poeta vanguardista, y su poes\u00eda esc\u00e9nica, visual y objetual son ejemplos de lo que habl\u00e1bamos. Pod\u00e9is navegar por su obra en la <a href=\"https:\/\/www.fundaciojoanbrossa.cat\" target=\"_blank\" rel=\"noopener noreferrer\">web de la Fundaci\u00f3<\/a>. De hecho, Brossa se atrevi\u00f3 incluso con una <a href=\"http:\/\/joanbrossa.blogspot.com\/2009\/01\/la-sextina-ciberntica.html\" target=\"_blank\" rel=\"noopener noreferrer\"><em>Sextina cibern\u00e9tica<\/em><\/a> (1981), programada con un IBM de dimensiones gigantes por el qu\u00edmico Santiago Farr\u00e9 y los inform\u00e1ticos Josep Font y Jordi Bastardes en el centro de c\u00e1lculo AGMA de Vilafranca de Pened\u00e8s.<\/p>\n<p>Es importante remarcar que esta poes\u00eda ya no se limita al mundo del libro, sino que atraviesa disciplinas como la pintura, la escultura, el cine, etc. En la poes\u00eda interactiva digital (<strong>ciberpoes\u00eda) <\/strong>m\u00e1s actual, el perceptor-reconfigurador establece una colaboraci\u00f3n cada vez m\u00e1s activa: muchas veces, sin su colaboraci\u00f3n no hay pieza. Mirad, por ejemplo, este v\u00eddeo que recoge la obra <a href=\"https:\/\/vimeo.com\/134630409\"><em>Three Graces<\/em><\/a><a href=\"https:\/\/vimeo.com\/134630409\" target=\"_blank\" rel=\"noopener noreferrer\"> (1966-1968)<\/a>, de <a href=\"http:\/\/www.kencox.org\/artwork\/4588376082\" target=\"_blank\" rel=\"noopener noreferrer\">Ken Cox<\/a>, y echad un vistazo tambi\u00e9n a <a href=\"http:\/\/www.ubu.com\/vp\/\" target=\"_blank\" rel=\"noopener noreferrer\">ubuweb<\/a>, repositorio fant\u00e1stico para encontrar ejemplos de poes\u00eda experimental y visual.<\/p>\n","protected":false},"excerpt":{"rendered":"<p>Durante el siglo la poes\u00eda se expandi\u00f3 a varios \u00e1mbitos creativos, explorando distintos formatos y experimentando en los dominios de la imagen y el sonido. Esto que ahora podemos denominar poes\u00eda experimental empez\u00f3 sobre todo a partir de mediados de los a\u00f1os cuarenta del siglo xx, adoptando muchas formas diferentes, como el letrismo, la poes\u00eda [&hellip;]<\/p>\n","protected":false},"author":2,"featured_media":0,"parent":0,"menu_order":0,"comment_status":"closed","ping_status":"closed","template":"","meta":[],"acf":[],"_links":{"self":[{"href":"http:\/\/quadern-tpi.recursos.uoc.edu\/es\/wp-json\/wp\/v2\/pages\/962"}],"collection":[{"href":"http:\/\/quadern-tpi.recursos.uoc.edu\/es\/wp-json\/wp\/v2\/pages"}],"about":[{"href":"http:\/\/quadern-tpi.recursos.uoc.edu\/es\/wp-json\/wp\/v2\/types\/page"}],"author":[{"embeddable":true,"href":"http:\/\/quadern-tpi.recursos.uoc.edu\/es\/wp-json\/wp\/v2\/users\/2"}],"replies":[{"embeddable":true,"href":"http:\/\/quadern-tpi.recursos.uoc.edu\/es\/wp-json\/wp\/v2\/comments?post=962"}],"version-history":[{"count":4,"href":"http:\/\/quadern-tpi.recursos.uoc.edu\/es\/wp-json\/wp\/v2\/pages\/962\/revisions"}],"predecessor-version":[{"id":2699,"href":"http:\/\/quadern-tpi.recursos.uoc.edu\/es\/wp-json\/wp\/v2\/pages\/962\/revisions\/2699"}],"wp:attachment":[{"href":"http:\/\/quadern-tpi.recursos.uoc.edu\/es\/wp-json\/wp\/v2\/media?parent=962"}],"curies":[{"name":"wp","href":"https:\/\/api.w.org\/{rel}","templated":true}]}}