{"id":956,"date":"2019-08-20T09:45:58","date_gmt":"2019-08-20T07:45:58","guid":{"rendered":"http:\/\/quadern-tpi.recursos.uoc.edu\/5-2-objectius\/"},"modified":"2021-12-20T02:25:04","modified_gmt":"2021-12-20T00:25:04","slug":"5-2-objectius","status":"publish","type":"page","link":"http:\/\/quadern-tpi.recursos.uoc.edu\/es\/5-2-objectius\/","title":{"rendered":"5.2. Objetivos"},"content":{"rendered":"<ul>\n<li>Continuar aprendiendo programaci\u00f3n como medio de expresi\u00f3n art\u00edstica.<\/li>\n<li>Continuar aprendiendo computaci\u00f3n f\u00edsica con ED1.<\/li>\n<li>Crear y compartir proyectos po\u00e9ticos programados con Snap! y\/o ED1.<\/li>\n<li>Descubrir obras e instalaciones en las que poes\u00eda y tecnolog\u00eda se entrelazan y reflexionar en torno a estas obras.<\/li>\n<li>Aprender qu\u00e9 son las estructuras de datos y a trabajar con listas y tablas en Snap!<\/li>\n<\/ul>\n","protected":false},"excerpt":{"rendered":"<p>Continuar aprendiendo programaci\u00f3n como medio de expresi\u00f3n art\u00edstica. Continuar aprendiendo computaci\u00f3n f\u00edsica con ED1. Crear y compartir proyectos po\u00e9ticos programados con Snap! y\/o ED1. Descubrir obras e instalaciones en las que poes\u00eda y tecnolog\u00eda se entrelazan y reflexionar en torno a estas obras. Aprender qu\u00e9 son las estructuras de datos y a trabajar con listas [&hellip;]<\/p>\n","protected":false},"author":2,"featured_media":0,"parent":0,"menu_order":0,"comment_status":"closed","ping_status":"closed","template":"","meta":[],"acf":[],"_links":{"self":[{"href":"http:\/\/quadern-tpi.recursos.uoc.edu\/es\/wp-json\/wp\/v2\/pages\/956"}],"collection":[{"href":"http:\/\/quadern-tpi.recursos.uoc.edu\/es\/wp-json\/wp\/v2\/pages"}],"about":[{"href":"http:\/\/quadern-tpi.recursos.uoc.edu\/es\/wp-json\/wp\/v2\/types\/page"}],"author":[{"embeddable":true,"href":"http:\/\/quadern-tpi.recursos.uoc.edu\/es\/wp-json\/wp\/v2\/users\/2"}],"replies":[{"embeddable":true,"href":"http:\/\/quadern-tpi.recursos.uoc.edu\/es\/wp-json\/wp\/v2\/comments?post=956"}],"version-history":[{"count":2,"href":"http:\/\/quadern-tpi.recursos.uoc.edu\/es\/wp-json\/wp\/v2\/pages\/956\/revisions"}],"predecessor-version":[{"id":2642,"href":"http:\/\/quadern-tpi.recursos.uoc.edu\/es\/wp-json\/wp\/v2\/pages\/956\/revisions\/2642"}],"wp:attachment":[{"href":"http:\/\/quadern-tpi.recursos.uoc.edu\/es\/wp-json\/wp\/v2\/media?parent=956"}],"curies":[{"name":"wp","href":"https:\/\/api.w.org\/{rel}","templated":true}]}}