{"id":953,"date":"2019-08-20T09:45:16","date_gmt":"2019-08-20T07:45:16","guid":{"rendered":"http:\/\/quadern-tpi.recursos.uoc.edu\/5-1-presentacio\/"},"modified":"2022-06-07T15:35:00","modified_gmt":"2022-06-07T13:35:00","slug":"5-1-presentacio","status":"publish","type":"page","link":"http:\/\/quadern-tpi.recursos.uoc.edu\/es\/5-1-presentacio\/","title":{"rendered":"5.1. Presentaci\u00f3n"},"content":{"rendered":"<figure id=\"attachment_288\" aria-describedby=\"caption-attachment-288\" style=\"width: 800px\" class=\"wp-caption alignnone\"><img loading=\"lazy\" class=\"size-full wp-image-288\" src=\"\/wp-content\/uploads\/2019\/08\/20.212_112.jpg\" alt=\"\" width=\"800\" height=\"328\" srcset=\"\/wp-content\/uploads\/2019\/08\/20.212_112.jpg 800w, \/wp-content\/uploads\/2019\/08\/20.212_112-300x123.jpg 300w, \/wp-content\/uploads\/2019\/08\/20.212_112-768x315.jpg 768w\" sizes=\"(max-width: 800px) 100vw, 800px\" \/><figcaption id=\"caption-attachment-288\" class=\"wp-caption-text\">Bryan Ma. <em>Definitions<\/em> (2015)<\/figcaption><\/figure>\n<p>En esta \u00faltima gu\u00eda integraremos todo lo que hemos visto en las gu\u00edas anteriores. Lo haremos desde la \u00f3ptica de los<strong> sistemas<\/strong> (conjuntos de elementos relacionados entre s\u00ed) y haciendo \u00e9nfasis en obras y trabajos relacionados con las <strong>palabras<\/strong>, especialmente con <strong>la poes\u00eda<\/strong>.<\/p>\n<p>A lo largo de un recorrido por diferentes tipos de poes\u00eda (<strong>experimental<\/strong>, <strong>generativa<\/strong>, <strong>cin\u00e9tica<\/strong> e <strong>interactiva<\/strong>), integraremos los conocimientos de Snap! y ED1 que ya tenemos y a\u00f1adiremos al trabajo estructuras de datos, que har\u00e1n que sea m\u00e1s sencillo crear sistemas de informaci\u00f3n. Durante el recorrido tambi\u00e9n aprenderemos qu\u00e9 es la inteligencia artificial y la creatividad computacional, conceptos muy relacionados con el arte digital de hoy en d\u00eda.<\/p>\n<p>La gu\u00eda est\u00e1 estructurada en cinco partes principales: (1) poes\u00eda experimental, (2) poes\u00eda generativa, (3) poes\u00eda cin\u00e9tica, (4) poes\u00eda interactiva y (5) creatividad computacional. Cada parte contiene ejemplos y ejercicios pr\u00e1cticos, y a lo largo de toda la gu\u00eda tambi\u00e9n aprovecharemos para descubrir algunas obras y autores que han destacado en el uso de la tecnolog\u00eda para repensar la poes\u00eda.<\/p>\n","protected":false},"excerpt":{"rendered":"<p>En esta \u00faltima gu\u00eda integraremos todo lo que hemos visto en las gu\u00edas anteriores. Lo haremos desde la \u00f3ptica de los sistemas (conjuntos de elementos relacionados entre s\u00ed) y haciendo \u00e9nfasis en obras y trabajos relacionados con las palabras, especialmente con la poes\u00eda. A lo largo de un recorrido por diferentes tipos de poes\u00eda (experimental, [&hellip;]<\/p>\n","protected":false},"author":2,"featured_media":0,"parent":0,"menu_order":0,"comment_status":"closed","ping_status":"closed","template":"","meta":[],"acf":[],"_links":{"self":[{"href":"http:\/\/quadern-tpi.recursos.uoc.edu\/es\/wp-json\/wp\/v2\/pages\/953"}],"collection":[{"href":"http:\/\/quadern-tpi.recursos.uoc.edu\/es\/wp-json\/wp\/v2\/pages"}],"about":[{"href":"http:\/\/quadern-tpi.recursos.uoc.edu\/es\/wp-json\/wp\/v2\/types\/page"}],"author":[{"embeddable":true,"href":"http:\/\/quadern-tpi.recursos.uoc.edu\/es\/wp-json\/wp\/v2\/users\/2"}],"replies":[{"embeddable":true,"href":"http:\/\/quadern-tpi.recursos.uoc.edu\/es\/wp-json\/wp\/v2\/comments?post=953"}],"version-history":[{"count":2,"href":"http:\/\/quadern-tpi.recursos.uoc.edu\/es\/wp-json\/wp\/v2\/pages\/953\/revisions"}],"predecessor-version":[{"id":2852,"href":"http:\/\/quadern-tpi.recursos.uoc.edu\/es\/wp-json\/wp\/v2\/pages\/953\/revisions\/2852"}],"wp:attachment":[{"href":"http:\/\/quadern-tpi.recursos.uoc.edu\/es\/wp-json\/wp\/v2\/media?parent=953"}],"curies":[{"name":"wp","href":"https:\/\/api.w.org\/{rel}","templated":true}]}}