{"id":950,"date":"2019-08-19T20:46:32","date_gmt":"2019-08-19T18:46:32","guid":{"rendered":"http:\/\/quadern-tpi.recursos.uoc.edu\/4-8-autoria-i-recursos\/"},"modified":"2021-12-21T10:32:04","modified_gmt":"2021-12-21T08:32:04","slug":"4-8-autoria-i-recursos","status":"publish","type":"page","link":"http:\/\/quadern-tpi.recursos.uoc.edu\/es\/4-8-autoria-i-recursos\/","title":{"rendered":"4.8. Autores y recursos"},"content":{"rendered":"<p>El <strong>arte \u00f3ptico<\/strong> es una corriente art\u00edstica que surge a finales de la d\u00e9cada de los cincuenta. Incorpora en obras bidimensionales efectos \u00f3pticos que producen sensaciones de movimiento en una superficie bidimensional, situaci\u00f3n que implica que el espectador colabora de manera activa, sea desplaz\u00e1ndose o movi\u00e9ndose. Alguno de sus precursores son <a href=\"https:\/\/vimeo.com\/276837886\" target=\"_blank\" rel=\"noopener noreferrer\">Victor Vasarely<\/a>, Bridget Riley y Yaacov Agam.<\/p>\n<p>El <strong>arte cin\u00e9tico<\/strong> se basa en los mismos principios pero aplicados a la escultura y a la instalaci\u00f3n. Las obras tienen movimiento o parecen tenerlo. Generalmente se pueden clasificar en alguno de estos apartados:<\/p>\n<ul>\n<li><strong>Estables<\/strong>: obras fijas que han de ser contempladas rode\u00e1ndolas.<\/li>\n<li><strong>M\u00f3viles<\/strong>: piezas con un movimiento real que hace cambiar su estructura y percepci\u00f3n.<\/li>\n<li><strong>Penetrables<\/strong>: ensamblajes en espacios reales que hay que recorrer para apreciar su est\u00e9tica del movimiento.<\/li>\n<\/ul>\n<p>Obtuvo un gran impulso cuando en 1955 la galer\u00eda parisina <a href=\"https:\/\/www.ideasdebabel.com\/?p=49646\" target=\"_blank\" rel=\"noopener noreferrer\">Denise Ren\u00e9 expuso la muestra \u00abLe Mouvement\u00bb<\/a><a href=\"http:\/\/www.ideasdebabel.com\/el-legado-de-denise-rene-50-anos-de-el-movimiento-por-edgar-cherubini-lecuna\/\">.<\/a> <a href=\"https:\/\/www.youtube.com\/watch?v=fI5PRaTSMUI\" target=\"_blank\" rel=\"noopener noreferrer\">Alexander Calder<\/a> y Jes\u00fas <a href=\"https:\/\/vimeo.com\/287697017\" target=\"_blank\" rel=\"noopener noreferrer\">Rafael Soto<\/a> son algunos de los exponentes m\u00e1s conocidos del movimiento.<\/p>\n<p>Ambas corrientes art\u00edsticas contin\u00faan siendo fuente de inspiraci\u00f3n para artistas digitales contempor\u00e1neos, que han sabido introducir la experiencia de usuario junto a la interacci\u00f3n en sus piezas.<\/p>\n","protected":false},"excerpt":{"rendered":"<p>El arte \u00f3ptico es una corriente art\u00edstica que surge a finales de la d\u00e9cada de los cincuenta. Incorpora en obras bidimensionales efectos \u00f3pticos que producen sensaciones de movimiento en una superficie bidimensional, situaci\u00f3n que implica que el espectador colabora de manera activa, sea desplaz\u00e1ndose o movi\u00e9ndose. Alguno de sus precursores son Victor Vasarely, Bridget Riley [&hellip;]<\/p>\n","protected":false},"author":2,"featured_media":0,"parent":0,"menu_order":0,"comment_status":"closed","ping_status":"closed","template":"","meta":[],"acf":[],"_links":{"self":[{"href":"http:\/\/quadern-tpi.recursos.uoc.edu\/es\/wp-json\/wp\/v2\/pages\/950"}],"collection":[{"href":"http:\/\/quadern-tpi.recursos.uoc.edu\/es\/wp-json\/wp\/v2\/pages"}],"about":[{"href":"http:\/\/quadern-tpi.recursos.uoc.edu\/es\/wp-json\/wp\/v2\/types\/page"}],"author":[{"embeddable":true,"href":"http:\/\/quadern-tpi.recursos.uoc.edu\/es\/wp-json\/wp\/v2\/users\/2"}],"replies":[{"embeddable":true,"href":"http:\/\/quadern-tpi.recursos.uoc.edu\/es\/wp-json\/wp\/v2\/comments?post=950"}],"version-history":[{"count":3,"href":"http:\/\/quadern-tpi.recursos.uoc.edu\/es\/wp-json\/wp\/v2\/pages\/950\/revisions"}],"predecessor-version":[{"id":2695,"href":"http:\/\/quadern-tpi.recursos.uoc.edu\/es\/wp-json\/wp\/v2\/pages\/950\/revisions\/2695"}],"wp:attachment":[{"href":"http:\/\/quadern-tpi.recursos.uoc.edu\/es\/wp-json\/wp\/v2\/media?parent=950"}],"curies":[{"name":"wp","href":"https:\/\/api.w.org\/{rel}","templated":true}]}}