{"id":926,"date":"2019-08-19T20:27:17","date_gmt":"2019-08-19T18:27:17","guid":{"rendered":"http:\/\/quadern-tpi.recursos.uoc.edu\/4-5-2-exercici-3-reflexio-sobre-art-processual-i-tecnologies-digitals\/"},"modified":"2019-09-16T19:05:09","modified_gmt":"2019-09-16T17:05:09","slug":"4-5-2-exercici-3-reflexio-sobre-art-processual-i-tecnologies-digitals","status":"publish","type":"page","link":"http:\/\/quadern-tpi.recursos.uoc.edu\/es\/4-5-2-exercici-3-reflexio-sobre-art-processual-i-tecnologies-digitals\/","title":{"rendered":"4.5.2. Ejercicio 3: reflexi\u00f3n sobre arte procesual y tecnolog\u00edas digitales"},"content":{"rendered":"<p>Hemos empezado esta gu\u00eda explorando a Bridget Riley y programando un dibujo inspirado en su obra. Observad c\u00f3mo explica ella misma su proceso creativo en <a href=\"https:\/\/www.youtube.com\/watch?v=hIPK6rvcscA&amp;feature=youtu.be\" target=\"_blank\" rel=\"noopener noreferrer\">este v\u00eddeo de 1960. <\/a><\/p>\n<p>Explicad ahora qu\u00e9 papel cre\u00e9is que pueden tener las nuevas tecnolog\u00edas en el arte procesual. \u00bfQu\u00e9 diferencias puede haber entre el arte procesual que se hac\u00eda en los a\u00f1os sesenta y setenta y el actual?<\/p>\n","protected":false},"excerpt":{"rendered":"<p>Hemos empezado esta gu\u00eda explorando a Bridget Riley y programando un dibujo inspirado en su obra. Observad c\u00f3mo explica ella misma su proceso creativo en este v\u00eddeo de 1960. Explicad ahora qu\u00e9 papel cre\u00e9is que pueden tener las nuevas tecnolog\u00edas en el arte procesual. \u00bfQu\u00e9 diferencias puede haber entre el arte procesual que se hac\u00eda [&hellip;]<\/p>\n","protected":false},"author":2,"featured_media":0,"parent":0,"menu_order":0,"comment_status":"closed","ping_status":"closed","template":"","meta":[],"acf":[],"_links":{"self":[{"href":"http:\/\/quadern-tpi.recursos.uoc.edu\/es\/wp-json\/wp\/v2\/pages\/926"}],"collection":[{"href":"http:\/\/quadern-tpi.recursos.uoc.edu\/es\/wp-json\/wp\/v2\/pages"}],"about":[{"href":"http:\/\/quadern-tpi.recursos.uoc.edu\/es\/wp-json\/wp\/v2\/types\/page"}],"author":[{"embeddable":true,"href":"http:\/\/quadern-tpi.recursos.uoc.edu\/es\/wp-json\/wp\/v2\/users\/2"}],"replies":[{"embeddable":true,"href":"http:\/\/quadern-tpi.recursos.uoc.edu\/es\/wp-json\/wp\/v2\/comments?post=926"}],"version-history":[{"count":2,"href":"http:\/\/quadern-tpi.recursos.uoc.edu\/es\/wp-json\/wp\/v2\/pages\/926\/revisions"}],"predecessor-version":[{"id":930,"href":"http:\/\/quadern-tpi.recursos.uoc.edu\/es\/wp-json\/wp\/v2\/pages\/926\/revisions\/930"}],"wp:attachment":[{"href":"http:\/\/quadern-tpi.recursos.uoc.edu\/es\/wp-json\/wp\/v2\/media?parent=926"}],"curies":[{"name":"wp","href":"https:\/\/api.w.org\/{rel}","templated":true}]}}