{"id":923,"date":"2019-08-19T20:25:03","date_gmt":"2019-08-19T18:25:03","guid":{"rendered":"http:\/\/quadern-tpi.recursos.uoc.edu\/4-5-1-introduccio\/"},"modified":"2019-09-19T11:44:40","modified_gmt":"2019-09-19T09:44:40","slug":"4-5-1-introduccio","status":"publish","type":"page","link":"http:\/\/quadern-tpi.recursos.uoc.edu\/es\/4-5-1-introduccio\/","title":{"rendered":"4.5.1. Introducci\u00f3n"},"content":{"rendered":"<figure id=\"attachment_264\" aria-describedby=\"caption-attachment-264\" style=\"width: 466px\" class=\"wp-caption alignnone\"><img loading=\"lazy\" class=\" wp-image-264\" src=\"\/wp-content\/uploads\/2019\/08\/20.212_100.jpg\" alt=\"\" width=\"466\" height=\"489\" srcset=\"\/wp-content\/uploads\/2019\/08\/20.212_100.jpg 800w, \/wp-content\/uploads\/2019\/08\/20.212_100-286x300.jpg 286w, \/wp-content\/uploads\/2019\/08\/20.212_100-768x806.jpg 768w\" sizes=\"(max-width: 466px) 100vw, 466px\" \/><figcaption id=\"caption-attachment-264\" class=\"wp-caption-text\"><em>Jackson Pollock<\/em>. Photo by Martha Holmes<\/figcaption><\/figure>\n<p>El <strong>arte procesual<\/strong> (o <em>process<\/em><em> art<\/em>) es un movimiento art\u00edstico en el que la obra o el producto final no es el centro de atenci\u00f3n, sino que se da m\u00e1s importancia al \u00abproceso\u00bb de creaci\u00f3n. Este proceso puede incluir la investigaci\u00f3n, la clasificaci\u00f3n, el montaje, la ejecuci\u00f3n, etc.<\/p>\n<p>En el arte procesual la preocupaci\u00f3n es el \u00abhacer\u00bb, y en este sentido podemos decir que es una visi\u00f3n del arte como ritual, que entronca perfectamente con las <em>performances<\/em> art\u00edsticas.<\/p>\n<p>Dado que est\u00e1 interesado en el proceso, y este solo implica movimientos, el arte procesual suele contener o mostrar movimientos. De hecho, algunos de sus temas recurrentes son el cambio y la fugacidad.<\/p>\n<p>Los or\u00edgenes del arte procesual los podemos encontrar en el expresionismo abstracto, por ejemplo, en las pinturas por goteo (<em>dripping<\/em>) de Jackson Pollock. Muchas veces la obra de Pollock se expone acompa\u00f1ada de v\u00eddeos en los que se muestran las acciones con las que pintaba las telas (<em>action paintings<\/em>).<\/p>\n<p>Un ejemplo cl\u00e1sico de arte procesual es la obra <a href=\"https:\/\/www.tate.org.uk\/art\/artworks\/hilliard-camera-recording-its-own-condition-7-apertures-10-speeds-2-mirrors-t03116\" target=\"_blank\" rel=\"noopener noreferrer\"><em>Camera recording its own condition<\/em><\/a> (1971), de John Hilliard, donde el artista usa espejos para captar la c\u00e1mara con la que hac\u00eda las fotograf\u00edas. El dispositivo era al mismo tiempo tema central de las im\u00e1genes. Este componente de autorreferencia tambi\u00e9n es muy caracter\u00edstico del arte procesual.<\/p>\n<figure id=\"attachment_266\" aria-describedby=\"caption-attachment-266\" style=\"width: 590px\" class=\"wp-caption alignnone\"><img loading=\"lazy\" class=\" wp-image-266\" src=\"\/wp-content\/uploads\/2019\/08\/20.212_101.jpg\" alt=\"\" width=\"590\" height=\"697\" srcset=\"\/wp-content\/uploads\/2019\/08\/20.212_101.jpg 800w, \/wp-content\/uploads\/2019\/08\/20.212_101-254x300.jpg 254w, \/wp-content\/uploads\/2019\/08\/20.212_101-768x907.jpg 768w\" sizes=\"(max-width: 590px) 100vw, 590px\" \/><figcaption id=\"caption-attachment-266\" class=\"wp-caption-text\"><em>Camera recording its own condition<\/em> (1971)<\/figcaption><\/figure>\n<p>Pero podr\u00edamos buscar antecedentes mucho m\u00e1s lejanos y variados, porque, por ejemplo, la ceremonia del t\u00e9 en Jap\u00f3n o la creaci\u00f3n de mandalas en el Tibet son acciones ef\u00edmeras con un gran componente est\u00e9tico que ponen todo el \u00e9nfasis en el propio proceso de creaci\u00f3n. En este sentido podr\u00edan ser perfectamente contempladas como arte procesual.<\/p>\n<p>De todos los tipos de arte que hemos trabajado en estas gu\u00edas, podr\u00edamos hacer una revisi\u00f3n poniendo m\u00e1s atenci\u00f3n en el propio proceso de creaci\u00f3n y haciendo que este acompa\u00f1e las obras o productos finales, o incluso que las sustituya. Por ejemplo, hay artistas de arte generativo o interactivo que no solamente muestran la obra acabada, sino que ense\u00f1an el proceso y permiten ver c\u00f3mo esta obra se va construyendo.<\/p>\n","protected":false},"excerpt":{"rendered":"<p>El arte procesual (o process art) es un movimiento art\u00edstico en el que la obra o el producto final no es el centro de atenci\u00f3n, sino que se da m\u00e1s importancia al \u00abproceso\u00bb de creaci\u00f3n. Este proceso puede incluir la investigaci\u00f3n, la clasificaci\u00f3n, el montaje, la ejecuci\u00f3n, etc. En el arte procesual la preocupaci\u00f3n es [&hellip;]<\/p>\n","protected":false},"author":2,"featured_media":0,"parent":0,"menu_order":0,"comment_status":"closed","ping_status":"closed","template":"","meta":[],"acf":[],"_links":{"self":[{"href":"http:\/\/quadern-tpi.recursos.uoc.edu\/es\/wp-json\/wp\/v2\/pages\/923"}],"collection":[{"href":"http:\/\/quadern-tpi.recursos.uoc.edu\/es\/wp-json\/wp\/v2\/pages"}],"about":[{"href":"http:\/\/quadern-tpi.recursos.uoc.edu\/es\/wp-json\/wp\/v2\/types\/page"}],"author":[{"embeddable":true,"href":"http:\/\/quadern-tpi.recursos.uoc.edu\/es\/wp-json\/wp\/v2\/users\/2"}],"replies":[{"embeddable":true,"href":"http:\/\/quadern-tpi.recursos.uoc.edu\/es\/wp-json\/wp\/v2\/comments?post=923"}],"version-history":[{"count":2,"href":"http:\/\/quadern-tpi.recursos.uoc.edu\/es\/wp-json\/wp\/v2\/pages\/923\/revisions"}],"predecessor-version":[{"id":1100,"href":"http:\/\/quadern-tpi.recursos.uoc.edu\/es\/wp-json\/wp\/v2\/pages\/923\/revisions\/1100"}],"wp:attachment":[{"href":"http:\/\/quadern-tpi.recursos.uoc.edu\/es\/wp-json\/wp\/v2\/media?parent=923"}],"curies":[{"name":"wp","href":"https:\/\/api.w.org\/{rel}","templated":true}]}}