{"id":916,"date":"2019-08-19T19:44:45","date_gmt":"2019-08-19T17:44:45","guid":{"rendered":"http:\/\/quadern-tpi.recursos.uoc.edu\/4-4-3-exercici-2-creem-una-obra-inspirada-en-bridget-riley\/"},"modified":"2019-10-15T15:56:20","modified_gmt":"2019-10-15T13:56:20","slug":"4-4-3-exercici-2-creem-una-obra-inspirada-en-bridget-riley","status":"publish","type":"page","link":"http:\/\/quadern-tpi.recursos.uoc.edu\/es\/4-4-3-exercici-2-creem-una-obra-inspirada-en-bridget-riley\/","title":{"rendered":"4.4.3. Ejercicio 2: creemos una obra inspirada en Bridget Riley"},"content":{"rendered":"<figure id=\"attachment_240\" aria-describedby=\"caption-attachment-240\" style=\"width: 400px\" class=\"wp-caption alignnone\"><img loading=\"lazy\" class=\"size-full wp-image-240\" src=\"\/wp-content\/uploads\/2019\/08\/20.212_88.jpg\" alt=\"\" width=\"400\" height=\"333\" srcset=\"\/wp-content\/uploads\/2019\/08\/20.212_88.jpg 400w, \/wp-content\/uploads\/2019\/08\/20.212_88-300x250.jpg 300w\" sizes=\"(max-width: 400px) 100vw, 400px\" \/><figcaption id=\"caption-attachment-240\" class=\"wp-caption-text\"><em>Movement in Squares<\/em> (1961)<\/figcaption><\/figure>\n<p>Bridget Riley es una pintora inglesa nacida en 1931. Es uno de los nombres m\u00e1s importantes del arte \u00f3ptico y sus obras est\u00e1n representadas en las colecciones de los museos de arte moderno m\u00e1s importantes del mundo.<\/p>\n<p>Es una artista que ha influido en generaciones enteras. Algunas de sus pinturas han sido realizadas por ayudantes, que siguen los dise\u00f1os e instrucciones detallados de Riley. Esto es un hecho que pone de manifiesto que, como en muchas obras de arte de la segunda mitad del siglo xx, el concepto de pieza es casi m\u00e1s importante que su ejecuci\u00f3n. Esto tiene un v\u00ednculo claro con el arte digital y generativo, del que ya hemos hablado extensamente.<\/p>\n<p>En este ejercicio nos centraremos en una de sus obras m\u00e1s ic\u00f3nicas: <em>Movement in Squares<\/em> (1961).<\/p>\n<p>Fijaos en que sencillamente consiste en rect\u00e1ngulos negros pintados sobre una superficie plana. Est\u00e1n dispuestos en una matriz donde las columnas cambian de anchura cuando se van acercando a la regi\u00f3n \u00abhundida\u00bb.<\/p>\n<p>Para programar un dibujo de este estilo con Snap!, podemos hacerlo de diferentes maneras. Exploraremos una en concreto. Crearemos un <strong>bloque propio<\/strong> o <strong>funci\u00f3n<\/strong> (anteriormente ya vimos c\u00f3mo hacerlo), que se llamar\u00e1 \u00abrect\u00e1ngulo\u00bb y al que podremos pasar dos par\u00e1metros: anchura y altura. Para dibujar la obra deberemos ir ejecutando la nueva instrucci\u00f3n \u00abrect\u00e1ngulo\u00bb en alg\u00fan bucle e ir cambiando su anchura cuando sea pertinente.<\/p>\n<figure id=\"attachment_1388\" aria-describedby=\"caption-attachment-1388\" style=\"width: 600px\" class=\"wp-caption alignnone\"><img loading=\"lazy\" class=\"wp-image-1388 size-full\" src=\"\/wp-content\/uploads\/2019\/10\/20.212_89_cast.jpg\" alt=\"\" width=\"600\" height=\"800\" srcset=\"\/wp-content\/uploads\/2019\/10\/20.212_89_cast.jpg 600w, \/wp-content\/uploads\/2019\/10\/20.212_89_cast-225x300.jpg 225w\" sizes=\"(max-width: 600px) 100vw, 600px\" \/><figcaption id=\"caption-attachment-1388\" class=\"wp-caption-text\">Nuevo bloque \u00abrect\u00e1ngulo (<em>width<\/em>, <em>length<\/em>)<\/figcaption><\/figure>\n<p>Utilizar esta nueva instrucci\u00f3n es muy sencillo. Ve\u00e1moslo con un ejemplo. Utilizaremos la instrucci\u00f3n \u00abrect\u00e1ngulo\u00bb para dibujar tres rect\u00e1ngulos, uno junto al otro, con diferentes anchuras.<\/p>\n<p><img loading=\"lazy\" class=\"alignnone wp-image-1391 size-full\" src=\"\/wp-content\/uploads\/2019\/10\/20.212_90_cast.jpg\" alt=\"\" width=\"700\" height=\"403\" srcset=\"\/wp-content\/uploads\/2019\/10\/20.212_90_cast.jpg 700w, \/wp-content\/uploads\/2019\/10\/20.212_90_cast-300x173.jpg 300w\" sizes=\"(max-width: 700px) 100vw, 700px\" \/><\/p>\n<p>El ejercicio consiste, pues, en acceder a <a href=\"https:\/\/snap.berkeley.edu\/snapsource\/snap.html#present:Username=uoc_tpi&amp;ProjectName=BridgetRiley%20Incomplet\" target=\"_blank\" rel=\"noopener noreferrer\">este programa de Snap!<\/a>, que ya tiene la instrucci\u00f3n para dibujar rect\u00e1ngulos creada, y en modificarlo usando bucles (seguramente tambi\u00e9n necesitar\u00e9is variables) para dibujar una obra inspirada en <em>Movement in Squares<\/em> de Riley.<\/p>\n<p>Por ejemplo, la imagen siguiente ha sido creada con Snap! usando la instrucci\u00f3n rect\u00e1ngulo que acabamos de explicar. Intentad crear alguna similar, guardadla y compartidla.<\/p>\n<p><img loading=\"lazy\" class=\"alignnone size-full wp-image-246\" src=\"\/wp-content\/uploads\/2019\/08\/20.212_91.jpg\" alt=\"\" width=\"800\" height=\"609\" srcset=\"\/wp-content\/uploads\/2019\/08\/20.212_91.jpg 800w, \/wp-content\/uploads\/2019\/08\/20.212_91-300x228.jpg 300w, \/wp-content\/uploads\/2019\/08\/20.212_91-768x585.jpg 768w\" sizes=\"(max-width: 800px) 100vw, 800px\" \/><\/p>\n","protected":false},"excerpt":{"rendered":"<p>Bridget Riley es una pintora inglesa nacida en 1931. Es uno de los nombres m\u00e1s importantes del arte \u00f3ptico y sus obras est\u00e1n representadas en las colecciones de los museos de arte moderno m\u00e1s importantes del mundo. Es una artista que ha influido en generaciones enteras. Algunas de sus pinturas han sido realizadas por ayudantes, [&hellip;]<\/p>\n","protected":false},"author":2,"featured_media":0,"parent":0,"menu_order":0,"comment_status":"closed","ping_status":"closed","template":"","meta":[],"acf":[],"_links":{"self":[{"href":"http:\/\/quadern-tpi.recursos.uoc.edu\/es\/wp-json\/wp\/v2\/pages\/916"}],"collection":[{"href":"http:\/\/quadern-tpi.recursos.uoc.edu\/es\/wp-json\/wp\/v2\/pages"}],"about":[{"href":"http:\/\/quadern-tpi.recursos.uoc.edu\/es\/wp-json\/wp\/v2\/types\/page"}],"author":[{"embeddable":true,"href":"http:\/\/quadern-tpi.recursos.uoc.edu\/es\/wp-json\/wp\/v2\/users\/2"}],"replies":[{"embeddable":true,"href":"http:\/\/quadern-tpi.recursos.uoc.edu\/es\/wp-json\/wp\/v2\/comments?post=916"}],"version-history":[{"count":3,"href":"http:\/\/quadern-tpi.recursos.uoc.edu\/es\/wp-json\/wp\/v2\/pages\/916\/revisions"}],"predecessor-version":[{"id":1393,"href":"http:\/\/quadern-tpi.recursos.uoc.edu\/es\/wp-json\/wp\/v2\/pages\/916\/revisions\/1393"}],"wp:attachment":[{"href":"http:\/\/quadern-tpi.recursos.uoc.edu\/es\/wp-json\/wp\/v2\/media?parent=916"}],"curies":[{"name":"wp","href":"https:\/\/api.w.org\/{rel}","templated":true}]}}