{"id":909,"date":"2019-08-19T19:32:22","date_gmt":"2019-08-19T17:32:22","guid":{"rendered":"http:\/\/quadern-tpi.recursos.uoc.edu\/4-4-1-introduccio\/"},"modified":"2022-06-07T15:38:13","modified_gmt":"2022-06-07T13:38:13","slug":"4-4-1-introduccio","status":"publish","type":"page","link":"http:\/\/quadern-tpi.recursos.uoc.edu\/es\/4-4-1-introduccio\/","title":{"rendered":"4.4.1. Introducci\u00f3n"},"content":{"rendered":"<figure id=\"attachment_234\" aria-describedby=\"caption-attachment-234\" style=\"width: 800px\" class=\"wp-caption alignnone\"><img loading=\"lazy\" class=\"size-full wp-image-234\" src=\"\/wp-content\/uploads\/2019\/08\/20.212_85.jpg\" alt=\"\" width=\"800\" height=\"312\" srcset=\"\/wp-content\/uploads\/2019\/08\/20.212_85.jpg 800w, \/wp-content\/uploads\/2019\/08\/20.212_85-300x117.jpg 300w, \/wp-content\/uploads\/2019\/08\/20.212_85-768x300.jpg 768w\" sizes=\"(max-width: 800px) 100vw, 800px\" \/><figcaption id=\"caption-attachment-234\" class=\"wp-caption-text\">Carlos Cruz-Diez. <em>Physichromie Panam 144<\/em> (2014)<\/figcaption><\/figure>\n<p>Tanto el arte cin\u00e9tico como el \u00f3ptico son corrientes art\u00edsticas basadas en la est\u00e9tica del movimiento. En ambos casos, las obras que se enmarcan en ellos tienen movimiento o parecen tenerlo.<\/p>\n<p>La diferencia principal entre los dos (aunque a veces la frontera es difusa) es que en el arte cin\u00e9tico el movimiento suele ser escult\u00f3rico (en un espacio en tres dimensiones) y el arte \u00f3ptico (<em>op art<\/em>) suele centrarse en la representaci\u00f3n pict\u00f3rica en dos dimensiones.<\/p>\n<p>Tanto en uno como en otro el observador participa activamente, movi\u00e9ndose ante la obra (alrededor o incluso por dentro). En el arte \u00f3ptico es precisamente este movimiento del observador el que crea la ilusi\u00f3n de movimiento en la obra, ya que en muchos casos las piezas est\u00e1n fundamentadas en ilusiones \u00f3pticas. En el caso de las esculturas cin\u00e9ticas, los recursos para crear movimientos pueden ser muy diversos: el viento, el agua, motores, etc.<\/p>\n<p>Podemos encontrar las primeras manifestaciones del arte cin\u00e9tico a principios del siglo xx, con el movimiento futurista; Marcel Duchamp, por ejemplo, desarrollaba obras que se basaban en discos giratorios (tal como vimos en el reto anterior, cuando habl\u00e1bamos de interactividad). Pero el t\u00e9rmino <em>arte cin\u00e9tico<\/em> no es adoptado hasta 1954, y la corriente empieza a ser popular a partir de la mitad de los a\u00f1os sesenta.<\/p>\n<p>En la actualidad muchas creaciones contempor\u00e1neas tambi\u00e9n exploran la capacidad art\u00edstica del movimiento. Algunas se acercan a las tecnolog\u00edas digitales, que les permiten desde dise\u00f1ar ilusiones \u00f3pticas atractivas hasta crear esculturas con movimientos muy sofisticados gracias a la robotizaci\u00f3n.<\/p>\n<p>Para acabar esta introducci\u00f3n, mirad este v\u00eddeo sobre la exposici\u00f3n \u00abTodo es movimiento, <em>op art <\/em>y arte cin\u00e9tico\u00bb del Museo W\u00fcrth (10\/03\/2017-02\/04\/2018). Aparte de ver ejemplos de los diferentes tipos de arte cin\u00e9tico y \u00f3ptico, tambi\u00e9n se explican en \u00e9l y desgranan algunos de los conceptos clave de estas corrientes art\u00edsticas.<\/p>\n<p><iframe loading=\"lazy\" src=\"https:\/\/player.vimeo.com\/video\/216838106\" width=\"640\" height=\"360\" frameborder=\"0\" allowfullscreen=\"allowfullscreen\"><\/iframe><\/p>\n<p class=\"Normal1\" style=\"margin-bottom: .0001pt; line-height: normal;\"><i><span lang=\"CA\">Todo es movimiento, <\/span><\/i><span lang=\"CA\"><em>op art<\/em><i> y arte cin\u00e9tico<\/i><\/span><\/p>\n","protected":false},"excerpt":{"rendered":"<p>Tanto el arte cin\u00e9tico como el \u00f3ptico son corrientes art\u00edsticas basadas en la est\u00e9tica del movimiento. En ambos casos, las obras que se enmarcan en ellos tienen movimiento o parecen tenerlo. La diferencia principal entre los dos (aunque a veces la frontera es difusa) es que en el arte cin\u00e9tico el movimiento suele ser escult\u00f3rico [&hellip;]<\/p>\n","protected":false},"author":2,"featured_media":0,"parent":0,"menu_order":0,"comment_status":"closed","ping_status":"closed","template":"","meta":[],"acf":[],"_links":{"self":[{"href":"http:\/\/quadern-tpi.recursos.uoc.edu\/es\/wp-json\/wp\/v2\/pages\/909"}],"collection":[{"href":"http:\/\/quadern-tpi.recursos.uoc.edu\/es\/wp-json\/wp\/v2\/pages"}],"about":[{"href":"http:\/\/quadern-tpi.recursos.uoc.edu\/es\/wp-json\/wp\/v2\/types\/page"}],"author":[{"embeddable":true,"href":"http:\/\/quadern-tpi.recursos.uoc.edu\/es\/wp-json\/wp\/v2\/users\/2"}],"replies":[{"embeddable":true,"href":"http:\/\/quadern-tpi.recursos.uoc.edu\/es\/wp-json\/wp\/v2\/comments?post=909"}],"version-history":[{"count":3,"href":"http:\/\/quadern-tpi.recursos.uoc.edu\/es\/wp-json\/wp\/v2\/pages\/909\/revisions"}],"predecessor-version":[{"id":2854,"href":"http:\/\/quadern-tpi.recursos.uoc.edu\/es\/wp-json\/wp\/v2\/pages\/909\/revisions\/2854"}],"wp:attachment":[{"href":"http:\/\/quadern-tpi.recursos.uoc.edu\/es\/wp-json\/wp\/v2\/media?parent=909"}],"curies":[{"name":"wp","href":"https:\/\/api.w.org\/{rel}","templated":true}]}}