{"id":906,"date":"2019-08-19T19:29:54","date_gmt":"2019-08-19T17:29:54","guid":{"rendered":"http:\/\/quadern-tpi.recursos.uoc.edu\/4-3-que-necessitarem\/"},"modified":"2021-10-25T08:32:57","modified_gmt":"2021-10-25T06:32:57","slug":"4-3-que-necessitarem","status":"publish","type":"page","link":"http:\/\/quadern-tpi.recursos.uoc.edu\/es\/4-3-que-necessitarem\/","title":{"rendered":"4.3. \u00bfQu\u00e9 necesitaremos?"},"content":{"rendered":"<p>Para poder seguir los pasos de esta gu\u00eda, necesitamos, como en las anteriores, un ordenador y conexi\u00f3n a internet para trabajar con Snap!, el kit ED1+Art para trabajar en entornos f\u00edsicos con sensores y actuadores, y el entorno de programaci\u00f3n MicroBlocks.<\/p>\n","protected":false},"excerpt":{"rendered":"<p>Para poder seguir los pasos de esta gu\u00eda, necesitamos, como en las anteriores, un ordenador y conexi\u00f3n a internet para trabajar con Snap!, el kit ED1+Art para trabajar en entornos f\u00edsicos con sensores y actuadores, y el entorno de programaci\u00f3n MicroBlocks.<\/p>\n","protected":false},"author":2,"featured_media":0,"parent":0,"menu_order":0,"comment_status":"closed","ping_status":"closed","template":"","meta":[],"acf":[],"_links":{"self":[{"href":"http:\/\/quadern-tpi.recursos.uoc.edu\/es\/wp-json\/wp\/v2\/pages\/906"}],"collection":[{"href":"http:\/\/quadern-tpi.recursos.uoc.edu\/es\/wp-json\/wp\/v2\/pages"}],"about":[{"href":"http:\/\/quadern-tpi.recursos.uoc.edu\/es\/wp-json\/wp\/v2\/types\/page"}],"author":[{"embeddable":true,"href":"http:\/\/quadern-tpi.recursos.uoc.edu\/es\/wp-json\/wp\/v2\/users\/2"}],"replies":[{"embeddable":true,"href":"http:\/\/quadern-tpi.recursos.uoc.edu\/es\/wp-json\/wp\/v2\/comments?post=906"}],"version-history":[{"count":2,"href":"http:\/\/quadern-tpi.recursos.uoc.edu\/es\/wp-json\/wp\/v2\/pages\/906\/revisions"}],"predecessor-version":[{"id":2543,"href":"http:\/\/quadern-tpi.recursos.uoc.edu\/es\/wp-json\/wp\/v2\/pages\/906\/revisions\/2543"}],"wp:attachment":[{"href":"http:\/\/quadern-tpi.recursos.uoc.edu\/es\/wp-json\/wp\/v2\/media?parent=906"}],"curies":[{"name":"wp","href":"https:\/\/api.w.org\/{rel}","templated":true}]}}