{"id":903,"date":"2019-08-19T19:29:07","date_gmt":"2019-08-19T17:29:07","guid":{"rendered":"http:\/\/quadern-tpi.recursos.uoc.edu\/4-2-objectius\/"},"modified":"2021-12-20T01:59:51","modified_gmt":"2021-12-19T23:59:51","slug":"4-2-objectius","status":"publish","type":"page","link":"http:\/\/quadern-tpi.recursos.uoc.edu\/es\/4-2-objectius\/","title":{"rendered":"4.2. Objetivos"},"content":{"rendered":"<ul>\n<li>Continuar el aprendizaje de la programaci\u00f3n como medio de expresi\u00f3n art\u00edstica.<\/li>\n<li>Continuar el aprendizaje de la interacci\u00f3n y la computaci\u00f3n f\u00edsica con ED1.<\/li>\n<li>Crear y compartir proyectos de artes cin\u00e9tico y \u00f3ptico programados con Snap! y\/o ED1.<\/li>\n<li>Descubrir obras de arte en las que el movimiento tiene un peso importante, y reflexionar en torno a estas obras.<\/li>\n<li>Aprender algunos conceptos b\u00e1sicos de programaci\u00f3n con Snap!, como los clones, y de ED1, como las diferentes maneras de programar un servosistema.<\/li>\n<\/ul>\n","protected":false},"excerpt":{"rendered":"<p>Continuar el aprendizaje de la programaci\u00f3n como medio de expresi\u00f3n art\u00edstica. Continuar el aprendizaje de la interacci\u00f3n y la computaci\u00f3n f\u00edsica con ED1. Crear y compartir proyectos de artes cin\u00e9tico y \u00f3ptico programados con Snap! y\/o ED1. Descubrir obras de arte en las que el movimiento tiene un peso importante, y reflexionar en torno a [&hellip;]<\/p>\n","protected":false},"author":2,"featured_media":0,"parent":0,"menu_order":0,"comment_status":"closed","ping_status":"closed","template":"","meta":[],"acf":[],"_links":{"self":[{"href":"http:\/\/quadern-tpi.recursos.uoc.edu\/es\/wp-json\/wp\/v2\/pages\/903"}],"collection":[{"href":"http:\/\/quadern-tpi.recursos.uoc.edu\/es\/wp-json\/wp\/v2\/pages"}],"about":[{"href":"http:\/\/quadern-tpi.recursos.uoc.edu\/es\/wp-json\/wp\/v2\/types\/page"}],"author":[{"embeddable":true,"href":"http:\/\/quadern-tpi.recursos.uoc.edu\/es\/wp-json\/wp\/v2\/users\/2"}],"replies":[{"embeddable":true,"href":"http:\/\/quadern-tpi.recursos.uoc.edu\/es\/wp-json\/wp\/v2\/comments?post=903"}],"version-history":[{"count":2,"href":"http:\/\/quadern-tpi.recursos.uoc.edu\/es\/wp-json\/wp\/v2\/pages\/903\/revisions"}],"predecessor-version":[{"id":2632,"href":"http:\/\/quadern-tpi.recursos.uoc.edu\/es\/wp-json\/wp\/v2\/pages\/903\/revisions\/2632"}],"wp:attachment":[{"href":"http:\/\/quadern-tpi.recursos.uoc.edu\/es\/wp-json\/wp\/v2\/media?parent=903"}],"curies":[{"name":"wp","href":"https:\/\/api.w.org\/{rel}","templated":true}]}}