{"id":894,"date":"2019-08-19T19:18:13","date_gmt":"2019-08-19T17:18:13","guid":{"rendered":"http:\/\/quadern-tpi.recursos.uoc.edu\/3-6-1-introduccio\/"},"modified":"2022-11-29T17:57:29","modified_gmt":"2022-11-29T15:57:29","slug":"3-7-1-inicios-del-arte-interactivo","status":"publish","type":"page","link":"http:\/\/quadern-tpi.recursos.uoc.edu\/es\/3-7-1-inicios-del-arte-interactivo\/","title":{"rendered":"3.7.1. Inicios del arte interactivo"},"content":{"rendered":"<p class=\"Normal1\" style=\"text-align: justify; line-height: normal;\"><span lang=\"CA\">En el siglo <span class=\"roman\">xx<\/span> la primera generaci\u00f3n de creadores vanguardistas favoreci\u00f3 la disoluci\u00f3n de las barreras entre los \u00e1mbitos de creaci\u00f3n art\u00edstica: artes pl\u00e1sticas, arquitectura, literatura, m\u00fasica, cine, fotograf\u00eda\u2026, y del arte y la tecnolog\u00eda. <\/span><span lang=\"CA\">\u00a0<\/span><\/p>\n<p>Los cambios de paradigmas est\u00e9ticos introducidos por el uso de las tecnolog\u00edas, y la manera en que se manifiestan en las pr\u00e1cticas art\u00edsticas, inciden en la incorporaci\u00f3n cada vez m\u00e1s habitual del espectador como usuario de las propuestas creativas, papel fundamental en las pr\u00e1cticas computacionales de los a\u00f1os ochenta y noventa (ved <a href=\"http:\/\/www.rtve.es\/television\/20100728\/arte-interactivo-1994\/342400.shtml\" target=\"_blank\" rel=\"noopener noreferrer\">\u00abArte interactivo\u00bb, <em>Metr\u00f3polis<\/em>, 1994, RTVE<\/a>). En la familiarizaci\u00f3n de este papel activo, tanto en piezas digitales como anal\u00f3gicas, han tenido un papel fundamental la popularizaci\u00f3n de los tel\u00e9fonos inteligentes y, por lo tanto, la asimilaci\u00f3n de los recursos de la interfaz con el uso de las apps y las redes sociales.<\/p>\n<p>En el v\u00eddeo del creador, investigador y comisario brasile\u00f1o <a href=\"https:\/\/www.youtube.com\/watch?v=kRf1-2AYdUo\" target=\"_blank\" rel=\"noopener noreferrer\" data-ytdl-video-id=\"kRf1-2AYdUo\">Marcello<\/a> <a href=\"https:\/\/www.youtube.com\/watch?v=kRf1-2AYdUo\" data-ytdl-video-id=\"kRf1-2AYdUo\">Dantas<\/a><a href=\"https:\/\/www.youtube.com\/watch?v=kRf1-2AYdUo\" data-ytdl-video-id=\"kRf1-2AYdUo\"> sobre arte interactivo de la serie <em>Ideas y obras<\/em>, de la Fundaci\u00f3n Telef\u00f3nica<\/a>, se pone de manifiesto un aspecto interesante: la subjetividad del concepto de \u00abinteracci\u00f3n\u00bb. En el v\u00eddeo incluye al espectador o usuario, tanto en las obras como en sus procesos de desarrollo.<\/p>\n<p>Pod\u00e9is encontrar m\u00e1s informaci\u00f3n detallada en el apartado 4 del recurso \u00ab<a href=\"http:\/\/arts.recursos.uoc.edu\/programacio-disseny-arts\/es\/4-4-1-origenes-del-arte-interactivo\/\" target=\"_blank\" rel=\"noopener\">Programaci\u00f3n para el dise\u00f1o y las artes<\/a>\u00bb.<\/p>\n","protected":false},"excerpt":{"rendered":"<p>En el siglo la primera generaci\u00f3n de creadores vanguardistas favoreci\u00f3 la disoluci\u00f3n de las barreras entre los \u00e1mbitos de creaci\u00f3n art\u00edstica: artes pl\u00e1sticas, arquitectura, literatura, m\u00fasica, cine, fotograf\u00eda\u2026, y del arte y la tecnolog\u00eda. \u00a0 Los cambios de paradigmas est\u00e9ticos introducidos por el uso de las tecnolog\u00edas, y la manera en que se manifiestan en [&hellip;]<\/p>\n","protected":false},"author":2,"featured_media":0,"parent":0,"menu_order":0,"comment_status":"closed","ping_status":"closed","template":"","meta":[],"acf":[],"_links":{"self":[{"href":"http:\/\/quadern-tpi.recursos.uoc.edu\/es\/wp-json\/wp\/v2\/pages\/894"}],"collection":[{"href":"http:\/\/quadern-tpi.recursos.uoc.edu\/es\/wp-json\/wp\/v2\/pages"}],"about":[{"href":"http:\/\/quadern-tpi.recursos.uoc.edu\/es\/wp-json\/wp\/v2\/types\/page"}],"author":[{"embeddable":true,"href":"http:\/\/quadern-tpi.recursos.uoc.edu\/es\/wp-json\/wp\/v2\/users\/2"}],"replies":[{"embeddable":true,"href":"http:\/\/quadern-tpi.recursos.uoc.edu\/es\/wp-json\/wp\/v2\/comments?post=894"}],"version-history":[{"count":9,"href":"http:\/\/quadern-tpi.recursos.uoc.edu\/es\/wp-json\/wp\/v2\/pages\/894\/revisions"}],"predecessor-version":[{"id":2901,"href":"http:\/\/quadern-tpi.recursos.uoc.edu\/es\/wp-json\/wp\/v2\/pages\/894\/revisions\/2901"}],"wp:attachment":[{"href":"http:\/\/quadern-tpi.recursos.uoc.edu\/es\/wp-json\/wp\/v2\/media?parent=894"}],"curies":[{"name":"wp","href":"https:\/\/api.w.org\/{rel}","templated":true}]}}