{"id":866,"date":"2019-08-19T18:46:03","date_gmt":"2019-08-19T16:46:03","guid":{"rendered":"http:\/\/quadern-tpi.recursos.uoc.edu\/3-5-1-introduccio\/"},"modified":"2019-09-19T11:38:59","modified_gmt":"2019-09-19T09:38:59","slug":"3-5-1-introduccio","status":"publish","type":"page","link":"http:\/\/quadern-tpi.recursos.uoc.edu\/es\/3-5-1-introduccio\/","title":{"rendered":"3.5.1. Introducci\u00f3n"},"content":{"rendered":"<p>La <a href=\"https:\/\/microbit.org\/\" target=\"_blank\" rel=\"noopener noreferrer\">micro:bit<\/a> es una tarjeta electr\u00f3nica programable con un coste muy asequible (unos 20 \u20ac). Fue dise\u00f1ada gracias a la campa\u00f1a \u00abMake it digital\u00bb de la BBC, con el objetivo de promover las vocaciones inform\u00e1ticas y de ingenier\u00eda entre los ni\u00f1os y los j\u00f3venes y al mismo tiempo estimular el pensamiento creativo y el aprendizaje <em>maker<\/em>. Por este motivo, es una tarjeta que se ha hecho muy popular en poco tiempo en el mundo de la tecnolog\u00eda educativa, la rob\u00f3tica educativa y el movimiento <em>maker<\/em>.<\/p>\n<figure id=\"attachment_210\" aria-describedby=\"caption-attachment-210\" style=\"width: 508px\" class=\"wp-caption alignnone\"><img loading=\"lazy\" class=\"wp-image-210 \" src=\"\/wp-content\/uploads\/2019\/08\/20.212_73.jpg\" alt=\"\" width=\"508\" height=\"437\" srcset=\"\/wp-content\/uploads\/2019\/08\/20.212_73.jpg 600w, \/wp-content\/uploads\/2019\/08\/20.212_73-300x258.jpg 300w\" sizes=\"(max-width: 508px) 100vw, 508px\" \/><figcaption id=\"caption-attachment-210\" class=\"wp-caption-text\">Tarjeta micro:bit<\/figcaption><\/figure>\n<p>Tiene un tama\u00f1o reducido, incorpora sensores y actuadores, es muy sencilla de programar y usa un software Open Source. Todo esto ha hecho que, aparte de su vertiente m\u00e1s educativa, tambi\u00e9n sea usada por <em>makers<\/em> de todo tipo, as\u00ed como por creadores y artistas de diferentes disciplinas.<\/p>\n<p>Existen dos maneras principales de programar la micro:bit:<\/p>\n<ul>\n<li>\n<ul>\n<li><strong>MakeCode<\/strong>: un lenguaje de programaci\u00f3n visual (similar a la Snap! que hemos utilizado hasta ahora). Existe la posibilidad de programar con MakeCode en l\u00ednea (<a href=\"https:\/\/makecode.microbit.org\/\" target=\"_blank\" rel=\"noopener noreferrer\">https:\/\/makecode.microbit.org\/<\/a>) y\/o descargar la versi\u00f3n fuera de l\u00ednea (<a href=\"https:\/\/makecode.microbit.org\/offline\" target=\"_blank\" rel=\"noopener noreferrer\">https:\/\/makecode.microbit.org\/offline<\/a>).<\/li>\n<li><strong>Javascript<\/strong>: un lenguaje de programaci\u00f3n muy popular que se utiliza para crear p\u00e1ginas web din\u00e1micas. Dentro del propio MakeCode hay una pesta\u00f1a que nos permite programar la micro:bit con Javascript (o transformar en c\u00f3digo Javascript aquello que hemos programado en bloques).<\/li>\n<\/ul>\n<p>La micro:bit tambi\u00e9n se puede programar desde otras plataformas, como Python, Scratch, Tickle, MicroBlocks, etc. En esta gu\u00eda aprenderemos a usar el MakeCode, que es la manera m\u00e1s habitual de empezar a hacer proyectos con micro:bit.<\/p>\n<p>Los componentes que la micro:bit lleva incorporados son los siguientes:<\/p>\n<ul>\n<li><strong>25 LED<\/strong>. Son LED programables de manera independiente, y los podemos usar para mostrar n\u00fameros, letras o im\u00e1genes sencillas.<\/li>\n<li><strong>Sensor de luz<\/strong>. Los mismos LED se pueden usar como sensores de luz ambiente.<\/li>\n<li><strong>Dos p<\/strong><strong>ulsadores<\/strong>. Son dos botones (etiquetados A y B). Podemos detectar cu\u00e1ndo pulsamos cada uno y tambi\u00e9n cu\u00e1ndo se pulsan los dos simult\u00e1neamente.<\/li>\n<li><strong>Conectores<\/strong>. Se localizan en la parte inferior de la placa. Hay veinticinco conexiones que podemos usar para sensores y actuadores. Cinco de estas conexiones (0, 1, 2, 3v y GND) tienen una medida mayor para facilitar la conexi\u00f3n r\u00e1pida con pinzas de \u00abcocodrilo\u00bb (ved la foto).<\/li>\n<\/ul>\n<\/li>\n<\/ul>\n<p><img loading=\"lazy\" class=\"alignnone  wp-image-212\" src=\"\/wp-content\/uploads\/2019\/08\/20.212_74.jpg\" alt=\"\" width=\"425\" height=\"368\" srcset=\"\/wp-content\/uploads\/2019\/08\/20.212_74.jpg 600w, \/wp-content\/uploads\/2019\/08\/20.212_74-300x260.jpg 300w\" sizes=\"(max-width: 425px) 100vw, 425px\" \/><\/p>\n<ul>\n<li><strong>Sensor de temperatura<\/strong>. Permite detectar la temperatura ambiente en grados Celsius.<\/li>\n<li><strong>Aceler\u00f3metro<\/strong>. Permite detectar las aceleraciones y los giros que realiza la tarjeta.<\/li>\n<li><strong>Br\u00fajula<\/strong>. Permite conocer hacia d\u00f3nde se orienta la tarjeta (la desviaci\u00f3n respecto al norte magn\u00e9tico).<\/li>\n<li><strong>Radio<\/strong>. Permite conectar sin hilo varias micro:bits y, por lo tanto, crear sistemas en que estas se comuniquen.<\/li>\n<li><strong>Bluetooth<\/strong>. Esta conexi\u00f3n facilita que podamos intercambiar datos con ordenadores u otros <em>widgets<\/em>.<\/li>\n<li><strong>USB<\/strong>. La conexi\u00f3n USB se usa para descargar los programas que hacemos en la tarjeta y para alimentar el\u00e9ctricamente la micro:bit cuando no est\u00e1 conectada a ninguna bater\u00eda.<\/li>\n<li><strong>Conector de bater\u00eda<\/strong>. Nos sirve para suministrar electricidad con dos pilas AAA o una bater\u00eda.<\/li>\n<\/ul>\n<p><img loading=\"lazy\" class=\"alignnone size-full wp-image-214\" src=\"\/wp-content\/uploads\/2019\/08\/20.212_75.jpg\" alt=\"\" width=\"800\" height=\"360\" srcset=\"\/wp-content\/uploads\/2019\/08\/20.212_75.jpg 800w, \/wp-content\/uploads\/2019\/08\/20.212_75-300x135.jpg 300w, \/wp-content\/uploads\/2019\/08\/20.212_75-768x346.jpg 768w\" sizes=\"(max-width: 800px) 100vw, 800px\" \/><\/p>\n<p>Una buena manera de aproximarse a la tarjeta micro:bit es su <a href=\"https:\/\/microbit.org\/guide\/\" target=\"_blank\" rel=\"noopener noreferrer\">gu\u00eda oficial<\/a>, que est\u00e1 muy bien dise\u00f1ada y permite realizar ejemplos pr\u00e1cticos desde el primer minuto.<\/p>\n","protected":false},"excerpt":{"rendered":"<p>La micro:bit es una tarjeta electr\u00f3nica programable con un coste muy asequible (unos 20 \u20ac). Fue dise\u00f1ada gracias a la campa\u00f1a \u00abMake it digital\u00bb de la BBC, con el objetivo de promover las vocaciones inform\u00e1ticas y de ingenier\u00eda entre los ni\u00f1os y los j\u00f3venes y al mismo tiempo estimular el pensamiento creativo y el aprendizaje [&hellip;]<\/p>\n","protected":false},"author":2,"featured_media":0,"parent":0,"menu_order":0,"comment_status":"closed","ping_status":"closed","template":"","meta":[],"acf":[],"_links":{"self":[{"href":"http:\/\/quadern-tpi.recursos.uoc.edu\/es\/wp-json\/wp\/v2\/pages\/866"}],"collection":[{"href":"http:\/\/quadern-tpi.recursos.uoc.edu\/es\/wp-json\/wp\/v2\/pages"}],"about":[{"href":"http:\/\/quadern-tpi.recursos.uoc.edu\/es\/wp-json\/wp\/v2\/types\/page"}],"author":[{"embeddable":true,"href":"http:\/\/quadern-tpi.recursos.uoc.edu\/es\/wp-json\/wp\/v2\/users\/2"}],"replies":[{"embeddable":true,"href":"http:\/\/quadern-tpi.recursos.uoc.edu\/es\/wp-json\/wp\/v2\/comments?post=866"}],"version-history":[{"count":2,"href":"http:\/\/quadern-tpi.recursos.uoc.edu\/es\/wp-json\/wp\/v2\/pages\/866\/revisions"}],"predecessor-version":[{"id":1094,"href":"http:\/\/quadern-tpi.recursos.uoc.edu\/es\/wp-json\/wp\/v2\/pages\/866\/revisions\/1094"}],"wp:attachment":[{"href":"http:\/\/quadern-tpi.recursos.uoc.edu\/es\/wp-json\/wp\/v2\/media?parent=866"}],"curies":[{"name":"wp","href":"https:\/\/api.w.org\/{rel}","templated":true}]}}