{"id":845,"date":"2019-08-19T11:26:38","date_gmt":"2019-08-19T09:26:38","guid":{"rendered":"http:\/\/quadern-tpi.recursos.uoc.edu\/3-2-objectius\/"},"modified":"2022-06-07T15:26:45","modified_gmt":"2022-06-07T13:26:45","slug":"3-2-objectius","status":"publish","type":"page","link":"http:\/\/quadern-tpi.recursos.uoc.edu\/es\/3-2-objectius\/","title":{"rendered":"3.2. Objetivos"},"content":{"rendered":"<ul>\n<li>Entender la interacci\u00f3n y la interactividad, el dise\u00f1o de interacci\u00f3n y los distintos tipos y estilos de interacci\u00f3n.<\/li>\n<li>Aprender a a\u00f1adir interactividad a nuestras creaciones.<\/li>\n<li>Descubrir obras de arte interactivo y reflexionar en torno a estas obras.<\/li>\n<li>Aprender a generar interactividad con Snap! con el teclado, creando botones, con la c\u00e1mara web, etc.<\/li>\n<li>Aprender los conceptos b\u00e1sicos de MicroBlocks y ED1 que os permiten crear interacciones f\u00edsicas.<\/li>\n<li>Crear y compartir proyectos de arte interactivos programados con Snap! y\/o ED1.<\/li>\n<\/ul>\n","protected":false},"excerpt":{"rendered":"<p>Entender la interacci\u00f3n y la interactividad, el dise\u00f1o de interacci\u00f3n y los distintos tipos y estilos de interacci\u00f3n. Aprender a a\u00f1adir interactividad a nuestras creaciones. Descubrir obras de arte interactivo y reflexionar en torno a estas obras. Aprender a generar interactividad con Snap! con el teclado, creando botones, con la c\u00e1mara web, etc. Aprender los [&hellip;]<\/p>\n","protected":false},"author":2,"featured_media":0,"parent":0,"menu_order":0,"comment_status":"closed","ping_status":"closed","template":"","meta":[],"acf":[],"_links":{"self":[{"href":"http:\/\/quadern-tpi.recursos.uoc.edu\/es\/wp-json\/wp\/v2\/pages\/845"}],"collection":[{"href":"http:\/\/quadern-tpi.recursos.uoc.edu\/es\/wp-json\/wp\/v2\/pages"}],"about":[{"href":"http:\/\/quadern-tpi.recursos.uoc.edu\/es\/wp-json\/wp\/v2\/types\/page"}],"author":[{"embeddable":true,"href":"http:\/\/quadern-tpi.recursos.uoc.edu\/es\/wp-json\/wp\/v2\/users\/2"}],"replies":[{"embeddable":true,"href":"http:\/\/quadern-tpi.recursos.uoc.edu\/es\/wp-json\/wp\/v2\/comments?post=845"}],"version-history":[{"count":5,"href":"http:\/\/quadern-tpi.recursos.uoc.edu\/es\/wp-json\/wp\/v2\/pages\/845\/revisions"}],"predecessor-version":[{"id":2850,"href":"http:\/\/quadern-tpi.recursos.uoc.edu\/es\/wp-json\/wp\/v2\/pages\/845\/revisions\/2850"}],"wp:attachment":[{"href":"http:\/\/quadern-tpi.recursos.uoc.edu\/es\/wp-json\/wp\/v2\/media?parent=845"}],"curies":[{"name":"wp","href":"https:\/\/api.w.org\/{rel}","templated":true}]}}