{"id":792,"date":"2019-08-19T10:48:49","date_gmt":"2019-08-19T08:48:49","guid":{"rendered":"http:\/\/quadern-tpi.recursos.uoc.edu\/2-2-objectius\/"},"modified":"2019-09-16T18:13:44","modified_gmt":"2019-09-16T16:13:44","slug":"2-2-objectius","status":"publish","type":"page","link":"http:\/\/quadern-tpi.recursos.uoc.edu\/es\/2-2-objectius\/","title":{"rendered":"2.2.  Objetivos"},"content":{"rendered":"<ul>\n<li>Continuar adentr\u00e1ndonos en la programaci\u00f3n como medio de expresi\u00f3n art\u00edstica.<\/li>\n<li>Aprender a automatizar tareas y a usar la aleatoriedad en nuestras creaciones.<\/li>\n<li>Descubrir obras de arte generativo y reflexionar en torno a estas obras.<\/li>\n<li>Aprender algunos conceptos b\u00e1sicos de programaci\u00f3n con Snap!, como los condicionales, los operadores, etc.<\/li>\n<li>Crear y compartir proyectos de arte generativo programados con Snap!<\/li>\n<\/ul>\n","protected":false},"excerpt":{"rendered":"<p>Continuar adentr\u00e1ndonos en la programaci\u00f3n como medio de expresi\u00f3n art\u00edstica. Aprender a automatizar tareas y a usar la aleatoriedad en nuestras creaciones. Descubrir obras de arte generativo y reflexionar en torno a estas obras. Aprender algunos conceptos b\u00e1sicos de programaci\u00f3n con Snap!, como los condicionales, los operadores, etc. Crear y compartir proyectos de arte generativo [&hellip;]<\/p>\n","protected":false},"author":2,"featured_media":0,"parent":0,"menu_order":0,"comment_status":"closed","ping_status":"closed","template":"","meta":[],"acf":[],"_links":{"self":[{"href":"http:\/\/quadern-tpi.recursos.uoc.edu\/es\/wp-json\/wp\/v2\/pages\/792"}],"collection":[{"href":"http:\/\/quadern-tpi.recursos.uoc.edu\/es\/wp-json\/wp\/v2\/pages"}],"about":[{"href":"http:\/\/quadern-tpi.recursos.uoc.edu\/es\/wp-json\/wp\/v2\/types\/page"}],"author":[{"embeddable":true,"href":"http:\/\/quadern-tpi.recursos.uoc.edu\/es\/wp-json\/wp\/v2\/users\/2"}],"replies":[{"embeddable":true,"href":"http:\/\/quadern-tpi.recursos.uoc.edu\/es\/wp-json\/wp\/v2\/comments?post=792"}],"version-history":[{"count":2,"href":"http:\/\/quadern-tpi.recursos.uoc.edu\/es\/wp-json\/wp\/v2\/pages\/792\/revisions"}],"predecessor-version":[{"id":804,"href":"http:\/\/quadern-tpi.recursos.uoc.edu\/es\/wp-json\/wp\/v2\/pages\/792\/revisions\/804"}],"wp:attachment":[{"href":"http:\/\/quadern-tpi.recursos.uoc.edu\/es\/wp-json\/wp\/v2\/media?parent=792"}],"curies":[{"name":"wp","href":"https:\/\/api.w.org\/{rel}","templated":true}]}}