{"id":781,"date":"2019-08-19T10:42:18","date_gmt":"2019-08-19T08:42:18","guid":{"rendered":"http:\/\/quadern-tpi.recursos.uoc.edu\/1-4-13-exercici-5-crear-un-projecte-snap-inspirat-en-les-obres-de-sol-lewitt\/"},"modified":"2020-09-15T12:23:45","modified_gmt":"2020-09-15T10:23:45","slug":"1-4-13-exercici-5-crear-un-projecte-snap-inspirat-en-les-obres-de-sol-lewitt","status":"publish","type":"page","link":"http:\/\/quadern-tpi.recursos.uoc.edu\/es\/1-4-13-exercici-5-crear-un-projecte-snap-inspirat-en-les-obres-de-sol-lewitt\/","title":{"rendered":"1.4.14. Ejercicio 5: crear un proyecto Snap! inspirado en las obras de Sol LeWitt"},"content":{"rendered":"<figure id=\"attachment_114\" aria-describedby=\"caption-attachment-114\" style=\"width: 800px\" class=\"wp-caption alignnone\"><img loading=\"lazy\" class=\"size-full wp-image-114\" src=\"\/wp-content\/uploads\/2019\/08\/20.212_25.jpg\" alt=\"\" width=\"800\" height=\"472\" srcset=\"\/wp-content\/uploads\/2019\/08\/20.212_25.jpg 800w, \/wp-content\/uploads\/2019\/08\/20.212_25-300x177.jpg 300w, \/wp-content\/uploads\/2019\/08\/20.212_25-768x453.jpg 768w\" sizes=\"(max-width: 800px) 100vw, 800px\" \/><figcaption id=\"caption-attachment-114\" class=\"wp-caption-text\"><em>Color Bands (Wadsworth Portfolio)<\/em> (2000)<\/figcaption><\/figure>\n<p><a href=\"https:\/\/en.wikipedia.org\/wiki\/Sol_LeWitt\" target=\"_blank\" rel=\"noopener noreferrer\">Sol LeWitt<\/a> se hizo famoso por unas pinturas donde las l\u00edneas y los colores tienen un papel fundamental. Os pedimos que explor\u00e9is <a href=\"https:\/\/www.wikiart.org\/en\/sol-lewitt\/all-works#!\" target=\"_blank\" rel=\"noopener noreferrer\">las obras<\/a> de este artista, que intent\u00e9is pensar cu\u00e1les son los algoritmos que segu\u00eda cuando las pintaba y que program\u00e9is con Snap! un dibujo que recree o se inspire en alguna de sus obras.<\/p>\n<p>Os pedimos tambi\u00e9n, como en el ejercicio anterior, que guard\u00e9is el proyecto y lo compart\u00e1is.<\/p>\n","protected":false},"excerpt":{"rendered":"<p>Sol LeWitt se hizo famoso por unas pinturas donde las l\u00edneas y los colores tienen un papel fundamental. Os pedimos que explor\u00e9is las obras de este artista, que intent\u00e9is pensar cu\u00e1les son los algoritmos que segu\u00eda cuando las pintaba y que program\u00e9is con Snap! un dibujo que recree o se inspire en alguna de sus [&hellip;]<\/p>\n","protected":false},"author":2,"featured_media":0,"parent":0,"menu_order":0,"comment_status":"closed","ping_status":"closed","template":"","meta":[],"acf":[],"_links":{"self":[{"href":"http:\/\/quadern-tpi.recursos.uoc.edu\/es\/wp-json\/wp\/v2\/pages\/781"}],"collection":[{"href":"http:\/\/quadern-tpi.recursos.uoc.edu\/es\/wp-json\/wp\/v2\/pages"}],"about":[{"href":"http:\/\/quadern-tpi.recursos.uoc.edu\/es\/wp-json\/wp\/v2\/types\/page"}],"author":[{"embeddable":true,"href":"http:\/\/quadern-tpi.recursos.uoc.edu\/es\/wp-json\/wp\/v2\/users\/2"}],"replies":[{"embeddable":true,"href":"http:\/\/quadern-tpi.recursos.uoc.edu\/es\/wp-json\/wp\/v2\/comments?post=781"}],"version-history":[{"count":2,"href":"http:\/\/quadern-tpi.recursos.uoc.edu\/es\/wp-json\/wp\/v2\/pages\/781\/revisions"}],"predecessor-version":[{"id":1519,"href":"http:\/\/quadern-tpi.recursos.uoc.edu\/es\/wp-json\/wp\/v2\/pages\/781\/revisions\/1519"}],"wp:attachment":[{"href":"http:\/\/quadern-tpi.recursos.uoc.edu\/es\/wp-json\/wp\/v2\/media?parent=781"}],"curies":[{"name":"wp","href":"https:\/\/api.w.org\/{rel}","templated":true}]}}