{"id":764,"date":"2019-08-19T10:33:49","date_gmt":"2019-08-19T08:33:49","guid":{"rendered":"http:\/\/quadern-tpi.recursos.uoc.edu\/1-4-8-bucles\/"},"modified":"2019-10-15T12:11:26","modified_gmt":"2019-10-15T10:11:26","slug":"1-4-8-bucles","status":"publish","type":"page","link":"http:\/\/quadern-tpi.recursos.uoc.edu\/es\/1-4-8-bucles\/","title":{"rendered":"1.4.8. Bucles"},"content":{"rendered":"<p>Un bucle o ciclo es, en programaci\u00f3n, un bloque que ejecuta repetidas veces una secuencia de instrucciones. En Snap! tenemos tres bloques de control que nos permiten crear bucles:<\/p>\n<ul>\n<li>\u00abPara siempre\u00bb: las instrucciones que indicamos se ejecutar\u00e1n hasta que cerremos el programa.<\/li>\n<li>\u00abRepite X veces\u00bb: las instrucciones que indiquemos se ejecutar\u00e1n exactamente el n\u00famero de veces que especifiquemos.<\/li>\n<li>\u00abRepite hasta\u00bb: las instrucciones que indiquemos se ejecutar\u00e1n hasta que se cumpla la condici\u00f3n que decidimos.<\/li>\n<\/ul>\n<p><img loading=\"lazy\" class=\"alignnone wp-image-1277\" src=\"\/wp-content\/uploads\/2019\/10\/20.212_12_cast.jpg\" alt=\"\" width=\"400\" height=\"119\" srcset=\"\/wp-content\/uploads\/2019\/10\/20.212_12_cast.jpg 607w, \/wp-content\/uploads\/2019\/10\/20.212_12_cast-300x89.jpg 300w\" sizes=\"(max-width: 400px) 100vw, 400px\" \/><\/p>\n<p>Por ejemplo, antes hemos visto c\u00f3mo hacer un cuadrado sin usar ning\u00fan bucle, pero podr\u00edamos haber usado un \u00abRepite 4 veces\u00bb y ahorrarnos c\u00f3digos. Los dos cortes de c\u00f3digo siguientes son equivalentes y dibujan exactamente el mismo cuadrado:<\/p>\n<p class=\"Normal1\" style=\"margin-bottom: .0001pt; text-align: justify; line-height: normal;\"><img loading=\"lazy\" class=\"alignnone wp-image-1280\" src=\"\/wp-content\/uploads\/2019\/10\/20.212_13_cast.jpg\" alt=\"\" width=\"400\" height=\"302\" srcset=\"\/wp-content\/uploads\/2019\/10\/20.212_13_cast.jpg 607w, \/wp-content\/uploads\/2019\/10\/20.212_13_cast-300x227.jpg 300w\" sizes=\"(max-width: 400px) 100vw, 400px\" \/><\/p>\n","protected":false},"excerpt":{"rendered":"<p>Un bucle o ciclo es, en programaci\u00f3n, un bloque que ejecuta repetidas veces una secuencia de instrucciones. En Snap! tenemos tres bloques de control que nos permiten crear bucles: \u00abPara siempre\u00bb: las instrucciones que indicamos se ejecutar\u00e1n hasta que cerremos el programa. \u00abRepite X veces\u00bb: las instrucciones que indiquemos se ejecutar\u00e1n exactamente el n\u00famero de [&hellip;]<\/p>\n","protected":false},"author":2,"featured_media":0,"parent":0,"menu_order":0,"comment_status":"closed","ping_status":"closed","template":"","meta":[],"acf":[],"_links":{"self":[{"href":"http:\/\/quadern-tpi.recursos.uoc.edu\/es\/wp-json\/wp\/v2\/pages\/764"}],"collection":[{"href":"http:\/\/quadern-tpi.recursos.uoc.edu\/es\/wp-json\/wp\/v2\/pages"}],"about":[{"href":"http:\/\/quadern-tpi.recursos.uoc.edu\/es\/wp-json\/wp\/v2\/types\/page"}],"author":[{"embeddable":true,"href":"http:\/\/quadern-tpi.recursos.uoc.edu\/es\/wp-json\/wp\/v2\/users\/2"}],"replies":[{"embeddable":true,"href":"http:\/\/quadern-tpi.recursos.uoc.edu\/es\/wp-json\/wp\/v2\/comments?post=764"}],"version-history":[{"count":3,"href":"http:\/\/quadern-tpi.recursos.uoc.edu\/es\/wp-json\/wp\/v2\/pages\/764\/revisions"}],"predecessor-version":[{"id":1282,"href":"http:\/\/quadern-tpi.recursos.uoc.edu\/es\/wp-json\/wp\/v2\/pages\/764\/revisions\/1282"}],"wp:attachment":[{"href":"http:\/\/quadern-tpi.recursos.uoc.edu\/es\/wp-json\/wp\/v2\/media?parent=764"}],"curies":[{"name":"wp","href":"https:\/\/api.w.org\/{rel}","templated":true}]}}