{"id":751,"date":"2019-08-19T10:30:38","date_gmt":"2019-08-19T08:30:38","guid":{"rendered":"http:\/\/quadern-tpi.recursos.uoc.edu\/1-4-4-el-menu-llapis\/"},"modified":"2020-09-15T12:39:06","modified_gmt":"2020-09-15T10:39:06","slug":"1-4-4-el-menu-llapis","status":"publish","type":"page","link":"http:\/\/quadern-tpi.recursos.uoc.edu\/es\/1-4-4-el-menu-llapis\/","title":{"rendered":"1.4.4. El men\u00fa l\u00e1piz"},"content":{"rendered":"<p><img loading=\"lazy\" class=\"alignnone size-full wp-image-1525\" src=\"\/wp-content\/uploads\/2020\/09\/image2.jpg\" alt=\"\" width=\"206\" height=\"515\" srcset=\"\/wp-content\/uploads\/2020\/09\/image2.jpg 206w, \/wp-content\/uploads\/2020\/09\/image2-120x300.jpg 120w\" sizes=\"(max-width: 206px) 100vw, 206px\" \/><\/p>\n<p>En los ejemplos anteriores ya habr\u00e9is usado algunas de las instrucciones del men\u00fa l\u00e1piz. Estas instrucciones ser\u00e1n muy importantes para poder dibujar y pintar con Snap!. Comentamos los bloques m\u00e1s importantes a continuaci\u00f3n:<\/p>\n<ul>\n<li><b>Borrar.<\/b> Sirve para \u00ablimpiar\u00bb la pantalla, es decir, borrar todas las l\u00edneas que haya dibujadas. Tiene efecto sobre lo que hemos dibujado, pero no borra el escenario que tenemos seleccionado como fondo.<\/li>\n<li><b>Baja\/sube el l\u00e1piz.<\/b> Tenemos que imaginar que todos los personajes tienen un l\u00e1piz. Cuando les digamos que lo bajen, el l\u00e1piz tocar\u00e1 el escenario, y cuando se el personaje se desplace dejar\u00e1 una l\u00ednea detr\u00e1s \u00e9l. Si les decimos que lo suban, el l\u00e1piz dejar\u00e1 de tocar el escenario y, por tanto, tambi\u00e9n dejar\u00e1 de dibujar.<\/li>\n<li><b>Fija el color del l\u00e1piz (set).<\/b> Nos permite elegir un color determinado para el l\u00e1piz.<\/li>\n<li><b>Aumenta\/Fija tonalidad, saturaci\u00f3n, brillo y transparencia (change).<\/b> Sirve para variar estas caracter\u00edsticas, jugando con valores entre 0 y 100.<\/li>\n<li><b>Cambiar\/Fija el tama\u00f1o del l\u00e1piz.<\/b> Sirve para cambiar el grosor del trazo, que por defecto es 1.<\/li>\n<li><b>Sellar.<\/b> Tenemos la posibilidad de estampar el propio personaje en el escenario, como si fuera un sello.<\/li>\n<li><b>Llenar.<\/b> Sirve para llenar, con el color que tenemos seleccionado, la regi\u00f3n sobre la cual est\u00e1 el personaje.<\/li>\n<li><b>Escribe (write).<\/b> Permite escribir (en realidad, dibujar) textos sobre el escenario. No se debe confundir con las instrucciones \u00abDecir\u00bb del men\u00fa \u00abApariencia\u00bb, que permiten que los personajes se expresen con textos escritos.<\/li>\n<\/ul>\n<p>&nbsp;<\/p>\n","protected":false},"excerpt":{"rendered":"<p>En los ejemplos anteriores ya habr\u00e9is usado algunas de las instrucciones del men\u00fa l\u00e1piz. Estas instrucciones ser\u00e1n muy importantes para poder dibujar y pintar con Snap!. Comentamos los bloques m\u00e1s importantes a continuaci\u00f3n: Borrar. Sirve para \u00ablimpiar\u00bb la pantalla, es decir, borrar todas las l\u00edneas que haya dibujadas. Tiene efecto sobre lo que hemos dibujado, [&hellip;]<\/p>\n","protected":false},"author":2,"featured_media":0,"parent":0,"menu_order":0,"comment_status":"closed","ping_status":"closed","template":"","meta":[],"acf":[],"_links":{"self":[{"href":"http:\/\/quadern-tpi.recursos.uoc.edu\/es\/wp-json\/wp\/v2\/pages\/751"}],"collection":[{"href":"http:\/\/quadern-tpi.recursos.uoc.edu\/es\/wp-json\/wp\/v2\/pages"}],"about":[{"href":"http:\/\/quadern-tpi.recursos.uoc.edu\/es\/wp-json\/wp\/v2\/types\/page"}],"author":[{"embeddable":true,"href":"http:\/\/quadern-tpi.recursos.uoc.edu\/es\/wp-json\/wp\/v2\/users\/2"}],"replies":[{"embeddable":true,"href":"http:\/\/quadern-tpi.recursos.uoc.edu\/es\/wp-json\/wp\/v2\/comments?post=751"}],"version-history":[{"count":6,"href":"http:\/\/quadern-tpi.recursos.uoc.edu\/es\/wp-json\/wp\/v2\/pages\/751\/revisions"}],"predecessor-version":[{"id":1528,"href":"http:\/\/quadern-tpi.recursos.uoc.edu\/es\/wp-json\/wp\/v2\/pages\/751\/revisions\/1528"}],"wp:attachment":[{"href":"http:\/\/quadern-tpi.recursos.uoc.edu\/es\/wp-json\/wp\/v2\/media?parent=751"}],"curies":[{"name":"wp","href":"https:\/\/api.w.org\/{rel}","templated":true}]}}