{"id":734,"date":"2019-08-19T10:22:01","date_gmt":"2019-08-19T08:22:01","guid":{"rendered":"http:\/\/quadern-tpi.recursos.uoc.edu\/1-3-que-necessitarem\/"},"modified":"2019-09-16T17:32:39","modified_gmt":"2019-09-16T15:32:39","slug":"1-3-que-necessitarem","status":"publish","type":"page","link":"http:\/\/quadern-tpi.recursos.uoc.edu\/es\/1-3-que-necessitarem\/","title":{"rendered":"1.3. \u00bfQu\u00e9 necesitaremos?"},"content":{"rendered":"<p>Para poder seguir los pasos de esta gu\u00eda, solo necesitamos un ordenador y conexi\u00f3n a internet. Snap! es un lenguaje de programaci\u00f3n que se puede utilizar directamente desde el navegador web (recomendamos usar Google Chrome o Mozilla Firefox).<\/p>\n","protected":false},"excerpt":{"rendered":"<p>Para poder seguir los pasos de esta gu\u00eda, solo necesitamos un ordenador y conexi\u00f3n a internet. Snap! es un lenguaje de programaci\u00f3n que se puede utilizar directamente desde el navegador web (recomendamos usar Google Chrome o Mozilla Firefox).<\/p>\n","protected":false},"author":2,"featured_media":0,"parent":0,"menu_order":0,"comment_status":"closed","ping_status":"closed","template":"","meta":[],"acf":[],"_links":{"self":[{"href":"http:\/\/quadern-tpi.recursos.uoc.edu\/es\/wp-json\/wp\/v2\/pages\/734"}],"collection":[{"href":"http:\/\/quadern-tpi.recursos.uoc.edu\/es\/wp-json\/wp\/v2\/pages"}],"about":[{"href":"http:\/\/quadern-tpi.recursos.uoc.edu\/es\/wp-json\/wp\/v2\/types\/page"}],"author":[{"embeddable":true,"href":"http:\/\/quadern-tpi.recursos.uoc.edu\/es\/wp-json\/wp\/v2\/users\/2"}],"replies":[{"embeddable":true,"href":"http:\/\/quadern-tpi.recursos.uoc.edu\/es\/wp-json\/wp\/v2\/comments?post=734"}],"version-history":[{"count":1,"href":"http:\/\/quadern-tpi.recursos.uoc.edu\/es\/wp-json\/wp\/v2\/pages\/734\/revisions"}],"predecessor-version":[{"id":735,"href":"http:\/\/quadern-tpi.recursos.uoc.edu\/es\/wp-json\/wp\/v2\/pages\/734\/revisions\/735"}],"wp:attachment":[{"href":"http:\/\/quadern-tpi.recursos.uoc.edu\/es\/wp-json\/wp\/v2\/media?parent=734"}],"curies":[{"name":"wp","href":"https:\/\/api.w.org\/{rel}","templated":true}]}}