{"id":728,"date":"2019-08-19T10:21:37","date_gmt":"2019-08-19T08:21:37","guid":{"rendered":"http:\/\/quadern-tpi.recursos.uoc.edu\/1-2-objectius\/"},"modified":"2019-09-16T17:31:40","modified_gmt":"2019-09-16T15:31:40","slug":"1-2-objectius","status":"publish","type":"page","link":"http:\/\/quadern-tpi.recursos.uoc.edu\/es\/1-2-objectius\/","title":{"rendered":"1.2. Objetivos"},"content":{"rendered":"<ul>\n<li>Hacer una primera aproximaci\u00f3n a la programaci\u00f3n como medio de expresi\u00f3n art\u00edstica.<\/li>\n<li>Descubrir obras de arte computacional y reflexionar en torno a ellas.<\/li>\n<li>Aprender los conceptos m\u00e1s b\u00e1sicos de Snap! para poder dibujar l\u00edneas y colores.<\/li>\n<li>Crear y compartir proyectos programados con Snap! jugando con l\u00edneas y colores.<\/li>\n<\/ul>\n","protected":false},"excerpt":{"rendered":"<p>Hacer una primera aproximaci\u00f3n a la programaci\u00f3n como medio de expresi\u00f3n art\u00edstica. Descubrir obras de arte computacional y reflexionar en torno a ellas. Aprender los conceptos m\u00e1s b\u00e1sicos de Snap! para poder dibujar l\u00edneas y colores. Crear y compartir proyectos programados con Snap! jugando con l\u00edneas y colores.<\/p>\n","protected":false},"author":2,"featured_media":0,"parent":0,"menu_order":0,"comment_status":"closed","ping_status":"closed","template":"","meta":[],"acf":[],"_links":{"self":[{"href":"http:\/\/quadern-tpi.recursos.uoc.edu\/es\/wp-json\/wp\/v2\/pages\/728"}],"collection":[{"href":"http:\/\/quadern-tpi.recursos.uoc.edu\/es\/wp-json\/wp\/v2\/pages"}],"about":[{"href":"http:\/\/quadern-tpi.recursos.uoc.edu\/es\/wp-json\/wp\/v2\/types\/page"}],"author":[{"embeddable":true,"href":"http:\/\/quadern-tpi.recursos.uoc.edu\/es\/wp-json\/wp\/v2\/users\/2"}],"replies":[{"embeddable":true,"href":"http:\/\/quadern-tpi.recursos.uoc.edu\/es\/wp-json\/wp\/v2\/comments?post=728"}],"version-history":[{"count":2,"href":"http:\/\/quadern-tpi.recursos.uoc.edu\/es\/wp-json\/wp\/v2\/pages\/728\/revisions"}],"predecessor-version":[{"id":730,"href":"http:\/\/quadern-tpi.recursos.uoc.edu\/es\/wp-json\/wp\/v2\/pages\/728\/revisions\/730"}],"wp:attachment":[{"href":"http:\/\/quadern-tpi.recursos.uoc.edu\/es\/wp-json\/wp\/v2\/media?parent=728"}],"curies":[{"name":"wp","href":"https:\/\/api.w.org\/{rel}","templated":true}]}}