{"id":2313,"date":"2021-10-15T09:46:11","date_gmt":"2021-10-15T07:46:11","guid":{"rendered":"http:\/\/quadern-tpi.recursos.uoc.edu\/?page_id=2313"},"modified":"2021-10-15T09:46:11","modified_gmt":"2021-10-15T07:46:11","slug":"3-4-6-ejercicio-5-arte-generativo-e-interactivo-a-partir-de-trazos-o-pinceladas","status":"publish","type":"page","link":"http:\/\/quadern-tpi.recursos.uoc.edu\/es\/3-4-6-ejercicio-5-arte-generativo-e-interactivo-a-partir-de-trazos-o-pinceladas\/","title":{"rendered":"3.4.6. Ejercicio 5: arte generativo e interactivo a partir de trazos o pinceladas"},"content":{"rendered":"<p>Os sugerimos que revis\u00e9is el ejercicio 3 de la gu\u00eda 2, y que lo hag\u00e1is de nuevo, tratando de hacer que la obra sea interactiva ahora. Por ejemplo, podr\u00edais hacer que las formas que hab\u00e9is dibujado vayan apareciendo en funci\u00f3n de las interacciones con el rat\u00f3n del usuario (dependiendo de c\u00f3mo lo mueva o los clics que haga), o podr\u00edais agregar sonidos, m\u00fasica, etc.<\/p>\n","protected":false},"excerpt":{"rendered":"<p>Os sugerimos que revis\u00e9is el ejercicio 3 de la gu\u00eda 2, y que lo hag\u00e1is de nuevo, tratando de hacer que la obra sea interactiva ahora. Por ejemplo, podr\u00edais hacer que las formas que hab\u00e9is dibujado vayan apareciendo en funci\u00f3n de las interacciones con el rat\u00f3n del usuario (dependiendo de c\u00f3mo lo mueva o los [&hellip;]<\/p>\n","protected":false},"author":2,"featured_media":0,"parent":0,"menu_order":0,"comment_status":"closed","ping_status":"closed","template":"","meta":[],"acf":[],"_links":{"self":[{"href":"http:\/\/quadern-tpi.recursos.uoc.edu\/es\/wp-json\/wp\/v2\/pages\/2313"}],"collection":[{"href":"http:\/\/quadern-tpi.recursos.uoc.edu\/es\/wp-json\/wp\/v2\/pages"}],"about":[{"href":"http:\/\/quadern-tpi.recursos.uoc.edu\/es\/wp-json\/wp\/v2\/types\/page"}],"author":[{"embeddable":true,"href":"http:\/\/quadern-tpi.recursos.uoc.edu\/es\/wp-json\/wp\/v2\/users\/2"}],"replies":[{"embeddable":true,"href":"http:\/\/quadern-tpi.recursos.uoc.edu\/es\/wp-json\/wp\/v2\/comments?post=2313"}],"version-history":[{"count":2,"href":"http:\/\/quadern-tpi.recursos.uoc.edu\/es\/wp-json\/wp\/v2\/pages\/2313\/revisions"}],"predecessor-version":[{"id":2315,"href":"http:\/\/quadern-tpi.recursos.uoc.edu\/es\/wp-json\/wp\/v2\/pages\/2313\/revisions\/2315"}],"wp:attachment":[{"href":"http:\/\/quadern-tpi.recursos.uoc.edu\/es\/wp-json\/wp\/v2\/media?parent=2313"}],"curies":[{"name":"wp","href":"https:\/\/api.w.org\/{rel}","templated":true}]}}