{"id":2295,"date":"2021-10-15T09:35:29","date_gmt":"2021-10-15T07:35:29","guid":{"rendered":"http:\/\/quadern-tpi.recursos.uoc.edu\/?page_id=2295"},"modified":"2021-12-20T00:24:39","modified_gmt":"2021-12-19T22:24:39","slug":"2-4-5-ejercicio-3-creando-arte-generativo-a-partir-de-trazas-o-pinceladas-de-herramientas-tradicionales","status":"publish","type":"page","link":"http:\/\/quadern-tpi.recursos.uoc.edu\/es\/2-4-5-ejercicio-3-creando-arte-generativo-a-partir-de-trazas-o-pinceladas-de-herramientas-tradicionales\/","title":{"rendered":"2.4.5. Ejercicio 3: creando arte generativo a partir de trazas o pinceladas de herramientas tradicionales"},"content":{"rendered":"<p><img loading=\"lazy\" class=\"alignnone size-full wp-image-1829\" src=\"\/wp-content\/uploads\/2021\/09\/banner.png\" alt=\"\" width=\"484\" height=\"258\" srcset=\"\/wp-content\/uploads\/2021\/09\/banner.png 484w, \/wp-content\/uploads\/2021\/09\/banner-300x160.png 300w\" sizes=\"(max-width: 484px) 100vw, 484px\" \/><\/p>\n<p>La propuesta consiste en dibujar o pintar alguna forma sencilla \u2014con l\u00e1piz, pincel o cualquier otra herramienta tradicional\u2014, escanearla o fotografiarla, para acabar convirti\u00e9ndola en un personaje dentro de Snap!, que luego podremos estampar mientras creamos una obra generativa.<\/p>\n<p>Por ejemplo, podr\u00edamos empezar pintando un peque\u00f1o c\u00edrculo con acuarela, escanearlo y eliminar el fondo de la imagen (el papel). Para eliminarlo, lo podr\u00edamos hacer desde el mismo Snap!, con su editor de im\u00e1genes, pero como es bastante b\u00e1sico, es m\u00e1s recomendable hacerlo con alg\u00fan editor gr\u00e1fico externo.<\/p>\n<p><img loading=\"lazy\" class=\"alignnone size-full wp-image-1831 aligncenter\" src=\"\/wp-content\/uploads\/2021\/09\/circle.png\" alt=\"\" width=\"300\" height=\"300\" srcset=\"\/wp-content\/uploads\/2021\/09\/circle.png 300w, \/wp-content\/uploads\/2021\/09\/circle-150x150.png 150w\" sizes=\"(max-width: 300px) 100vw, 300px\" \/><\/p>\n<p>&nbsp;<\/p>\n<p>Una vez tenemos nuestro c\u00edrculo guardado con una imagen PNG con fondo transparente, lo podemos abrir dentro de Snap! como un personaje.<\/p>\n<p>A partir de entonces, podemos practicar todo lo que hemos aprendido de programaci\u00f3n con Snap. Podemos moverlo a distintos puntos del escenario, cambiar el tama\u00f1o, girarlo y usar la herramienta \u00abestampa\u00bb del men\u00fa Lapiz. Adem\u00e1s, tambi\u00e9n podemos explorar qu\u00e9 ocurre si cambiamos de color, o si modificamos el efecto \u00abfantasma\u00bb (transparencia). Estas \u00faltimas acciones, y otras, se pueden realizar con los bloques \u00abficha\/aumenta el efecto X\u00bb del men\u00fa \u00abApariencia\u00bb.<\/p>\n<p>Si queremos que la obra final parezca pintada, podemos poner de escenario en Snap! una foto de alguna textura de papel o tela, de modo que si estampamos formas encima, y las hacemos un poco transparentes para que la textura de abajo se vea, podremos crear efectos bastante realistas.<\/p>\n<p>A continuaci\u00f3n, compartimos un ejemplo de una obra muy sencilla, donde se construyen dos formas m\u00e1s o menos rectangulares sobre un fondo cuadrado, mediante estampaciones aleatorias de nuestro c\u00edrculo hecho con acuarela.<\/p>\n<p>Fij\u00e9monos en que en el c\u00f3digo hay muchos factores aleatorios: posici\u00f3n, tama\u00f1o, transparencia (efecto fantasma) y color.<\/p>\n<p>Se propone que, a partir de esta idea, hagamos un proyecto de arte generativo a partir de una l\u00ednea o forma que hayamos creado previamente con una herramienta tradicional de dibujo o pintura.<\/p>\n<p><img loading=\"lazy\" class=\"alignnone size-full wp-image-1833\" src=\"\/wp-content\/uploads\/2021\/09\/Escenari.png\" alt=\"\" width=\"629\" height=\"629\" srcset=\"\/wp-content\/uploads\/2021\/09\/Escenari.png 629w, \/wp-content\/uploads\/2021\/09\/Escenari-150x150.png 150w, \/wp-content\/uploads\/2021\/09\/Escenari-300x300.png 300w\" sizes=\"(max-width: 629px) 100vw, 629px\" \/><\/p>\n<p><img loading=\"lazy\" class=\"wp-image-2297 size-full alignnone\" src=\"\/wp-content\/uploads\/2021\/10\/Script_ES.png\" alt=\"\" width=\"469\" height=\"520\" srcset=\"\/wp-content\/uploads\/2021\/10\/Script_ES.png 469w, \/wp-content\/uploads\/2021\/10\/Script_ES-271x300.png 271w\" sizes=\"(max-width: 469px) 100vw, 469px\" \/><\/p>\n<p><a href=\"https:\/\/snap.berkeley.edu\/snap\/snap.html#present:Username=uoc_tpi&amp;ProjectName=Watercolor%20Circles_Generative\" target=\"_blank\" rel=\"noopener noreferrer\">Enlace al c\u00f3digo Snap!<\/a><\/p>\n<p>&nbsp;<\/p>\n","protected":false},"excerpt":{"rendered":"<p>La propuesta consiste en dibujar o pintar alguna forma sencilla \u2014con l\u00e1piz, pincel o cualquier otra herramienta tradicional\u2014, escanearla o fotografiarla, para acabar convirti\u00e9ndola en un personaje dentro de Snap!, que luego podremos estampar mientras creamos una obra generativa. Por ejemplo, podr\u00edamos empezar pintando un peque\u00f1o c\u00edrculo con acuarela, escanearlo y eliminar el fondo de [&hellip;]<\/p>\n","protected":false},"author":2,"featured_media":0,"parent":0,"menu_order":0,"comment_status":"closed","ping_status":"closed","template":"","meta":[],"acf":[],"_links":{"self":[{"href":"http:\/\/quadern-tpi.recursos.uoc.edu\/es\/wp-json\/wp\/v2\/pages\/2295"}],"collection":[{"href":"http:\/\/quadern-tpi.recursos.uoc.edu\/es\/wp-json\/wp\/v2\/pages"}],"about":[{"href":"http:\/\/quadern-tpi.recursos.uoc.edu\/es\/wp-json\/wp\/v2\/types\/page"}],"author":[{"embeddable":true,"href":"http:\/\/quadern-tpi.recursos.uoc.edu\/es\/wp-json\/wp\/v2\/users\/2"}],"replies":[{"embeddable":true,"href":"http:\/\/quadern-tpi.recursos.uoc.edu\/es\/wp-json\/wp\/v2\/comments?post=2295"}],"version-history":[{"count":4,"href":"http:\/\/quadern-tpi.recursos.uoc.edu\/es\/wp-json\/wp\/v2\/pages\/2295\/revisions"}],"predecessor-version":[{"id":2596,"href":"http:\/\/quadern-tpi.recursos.uoc.edu\/es\/wp-json\/wp\/v2\/pages\/2295\/revisions\/2596"}],"wp:attachment":[{"href":"http:\/\/quadern-tpi.recursos.uoc.edu\/es\/wp-json\/wp\/v2\/media?parent=2295"}],"curies":[{"name":"wp","href":"https:\/\/api.w.org\/{rel}","templated":true}]}}