{"id":2117,"date":"2021-10-14T13:44:35","date_gmt":"2021-10-14T11:44:35","guid":{"rendered":"http:\/\/quadern-tpi.recursos.uoc.edu\/?page_id=2117"},"modified":"2022-09-08T13:33:45","modified_gmt":"2022-09-08T11:33:45","slug":"3-6-7-exercici-5-traduint-llum-en-so","status":"publish","type":"page","link":"http:\/\/quadern-tpi.recursos.uoc.edu\/es\/3-6-7-exercici-5-traduint-llum-en-so\/","title":{"rendered":"3.6.7. Ejercicio 5: traduciendo luz en sonido"},"content":{"rendered":"<p>En este ejercicio, conectaremos un sensor con un actuador de la placa para crear un sistema interactivo aut\u00f3nomo. Utilizaremos, concretamente, un sensor de luz, o fotorresistencia, y un altavoz, ambos, como hemos dicho, integrados en la misma placa.<\/p>\n<p>Con estos dos elementos crearemos una simulaci\u00f3n de un <em>theremin<\/em>. El <em>theremin<\/em> fue el primer instrumento musical electr\u00f3nico, el cual trasladaba impulsos el\u00e9ctricos en frecuencia de sonido y modificaciones de volumen.<\/p>\n<p><iframe loading=\"lazy\" title=\"Debussy - \u00ab\u00a0Clair de Lune\u00a0\u00bb on the theremin\" width=\"640\" height=\"360\" src=\"https:\/\/www.youtube.com\/embed\/PjnaciNT-wQ?feature=oembed\" frameborder=\"0\" allow=\"accelerometer; autoplay; clipboard-write; encrypted-media; gyroscope; picture-in-picture\" allowfullscreen><\/iframe><\/p>\n<p>Para empezar, capturaremos los valores de cantidad de luz y los trasladaremos a frecuencias de sonido mediante este c\u00f3digo:<\/p>\n<p><img loading=\"lazy\" class=\"size-large wp-image-2771 alignnone\" src=\"\/wp-content\/uploads\/2022\/05\/3_6_7_theremin_ES-1024x272.jpg\" alt=\"\" width=\"640\" height=\"170\" srcset=\"\/wp-content\/uploads\/2022\/05\/3_6_7_theremin_ES-1024x272.jpg 1024w, \/wp-content\/uploads\/2022\/05\/3_6_7_theremin_ES-300x80.jpg 300w, \/wp-content\/uploads\/2022\/05\/3_6_7_theremin_ES-768x204.jpg 768w, \/wp-content\/uploads\/2022\/05\/3_6_7_theremin_ES-1536x409.jpg 1536w, \/wp-content\/uploads\/2022\/05\/3_6_7_theremin_ES.jpg 1925w\" sizes=\"(max-width: 640px) 100vw, 640px\" \/><\/p>\n<p>Para escribir este c\u00f3digo necesitaremos a\u00f1adir dos librer\u00edas:<\/p>\n<ol>\n<li>La librer\u00eda <em>Basic Sensors.ubl <\/em>que nos permite capturar el nivel de luz<\/li>\n<li>La librer\u00eda <em>Tone.ubl <\/em>que nos permite generar sonidos a trav\u00e9s del zumbador de la ED1<\/li>\n<\/ol>\n<p>Podemos modificar el c\u00f3digo cambiando los valores 41 y 48 con los cuales trasladaremos el valor de la cantidad de luz a sonido.<\/p>\n<p>Si nos fijamos, podremos ver como se hacen una serie de operaciones para modificar la se\u00f1al cruda que viene del sensor de luz. Esto es una pr\u00e1ctica muy com\u00fan cuando trabajamos con el mundo f\u00edsico: cogemos los datos del exterior y los manipulamos para que act\u00faen como necesitamos. Esto no quiere decir que quitemos valor u \u00aboriginalidad\u00bb a los datos, sino que hacemos que nuestro sistema computacional se vea afectado por datos sensoriales del mundo real, pero que sean funcionales dentro de nuestro sistema.<\/p>\n","protected":false},"excerpt":{"rendered":"<p>En este ejercicio, conectaremos un sensor con un actuador de la placa para crear un sistema interactivo aut\u00f3nomo. Utilizaremos, concretamente, un sensor de luz, o fotorresistencia, y un altavoz, ambos, como hemos dicho, integrados en la misma placa. Con estos dos elementos crearemos una simulaci\u00f3n de un theremin. El theremin fue el primer instrumento musical [&hellip;]<\/p>\n","protected":false},"author":2,"featured_media":0,"parent":0,"menu_order":0,"comment_status":"closed","ping_status":"closed","template":"","meta":[],"acf":[],"_links":{"self":[{"href":"http:\/\/quadern-tpi.recursos.uoc.edu\/es\/wp-json\/wp\/v2\/pages\/2117"}],"collection":[{"href":"http:\/\/quadern-tpi.recursos.uoc.edu\/es\/wp-json\/wp\/v2\/pages"}],"about":[{"href":"http:\/\/quadern-tpi.recursos.uoc.edu\/es\/wp-json\/wp\/v2\/types\/page"}],"author":[{"embeddable":true,"href":"http:\/\/quadern-tpi.recursos.uoc.edu\/es\/wp-json\/wp\/v2\/users\/2"}],"replies":[{"embeddable":true,"href":"http:\/\/quadern-tpi.recursos.uoc.edu\/es\/wp-json\/wp\/v2\/comments?post=2117"}],"version-history":[{"count":9,"href":"http:\/\/quadern-tpi.recursos.uoc.edu\/es\/wp-json\/wp\/v2\/pages\/2117\/revisions"}],"predecessor-version":[{"id":2884,"href":"http:\/\/quadern-tpi.recursos.uoc.edu\/es\/wp-json\/wp\/v2\/pages\/2117\/revisions\/2884"}],"wp:attachment":[{"href":"http:\/\/quadern-tpi.recursos.uoc.edu\/es\/wp-json\/wp\/v2\/media?parent=2117"}],"curies":[{"name":"wp","href":"https:\/\/api.w.org\/{rel}","templated":true}]}}