{"id":2091,"date":"2021-10-14T13:04:27","date_gmt":"2021-10-14T11:04:27","guid":{"rendered":"http:\/\/quadern-tpi.recursos.uoc.edu\/?page_id=2091"},"modified":"2022-09-08T13:18:55","modified_gmt":"2022-09-08T11:18:55","slug":"3-6-3-ejemplo-hacemos-aparecer-texto-en-la-pantalla","status":"publish","type":"page","link":"http:\/\/quadern-tpi.recursos.uoc.edu\/es\/3-6-3-ejemplo-hacemos-aparecer-texto-en-la-pantalla\/","title":{"rendered":"3.6.3. Ejemplo: hacemos aparecer texto en la pantalla"},"content":{"rendered":"<p>Vamos a hacer un primer ejercicio para familiarizarnos con la placa ED1 y ver c\u00f3mo escribir y subirle c\u00f3digo. Os proponemos mostrar vuestro nombre en la pantalla integrada a la placa ED1.<\/p>\n<p>Para hacer el ejercicio necesitaremos la placa ED1 y el cable USB-C conectado a la placa y al ordenador. Una vez lo tengamos todo conectado, abrimos MicroBlocks y hacemos clic en el icono que parece un conector USB. Si todo es correcto, deber\u00eda mostrarnos el puerto donde hay la placa conectada y debemos seleccionarlo. Pod\u00e9is revisar los videotutoriales del apartado\u00a0\u00ab<a href=\"http:\/\/quadern-tpi.recursos.uoc.edu\/es\/3-6-2-el-entorno-de-programacion-microblocks\/\" target=\"_blank\" rel=\"noopener\">3.6.2. El entorno de programaci\u00f3n MicroBlocks<\/a>\u00bb si ten\u00e9is dudas o problemas de conexi\u00f3n.<\/p>\n<p>Los lenguajes de programaci\u00f3n tienen un conjunto de funcionalidades iniciales en la base de su c\u00f3digo que nos permiten programar y hacer un conjunto de programas. Si queremos ampliar estas funcionalidades iniciales, tenemos que incorporarles librer\u00edas. Para poder trabajar con la pantalla integrada a la ED1, tendr\u00e9is que descargar e instalar una librer\u00eda. Las librer\u00edas son piezas de c\u00f3digo adicionales en forma de archivos que permiten ampliar sus posibilidades. Podemos imaginar las librer\u00edas siguiendo la met\u00e1fora basada en su nombre, como si a\u00f1adimos un nuevo libro a la biblioteca b\u00e1sica del lenguaje de programaci\u00f3n y as\u00ed la ampliamos. En el caso de MicroBlocks, las librer\u00edas nos permiten ampliar las posibilidades b\u00e1sicas a\u00f1adiendo bloques adicionales para programar componentes electr\u00f3nicos concretos o hacer acciones concretas que no est\u00e1n en las funcionalidades b\u00e1sicas. Las encontramos clasificadas por tipos: entrada, pines, control, operadores, etc.<\/p>\n<p>En el men\u00fa lateral izquierdo, podemos ver la secci\u00f3n de librer\u00edas con un s\u00edmbolo \u00ab+\u00bb al lado del t\u00edtulo. Hagamos clic en el \u00ab+\u00bb y se abrir\u00e1 otra ventana con las librer\u00edas disponibles.<\/p>\n<p><img loading=\"lazy\" class=\"alignnone wp-image-2713\" src=\"\/wp-content\/uploads\/2022\/05\/3_6_3_afegir_llibreria_ES-1024x796.jpg\" alt=\"\" width=\"420\" height=\"327\" srcset=\"\/wp-content\/uploads\/2022\/05\/3_6_3_afegir_llibreria_ES-1024x796.jpg 1024w, \/wp-content\/uploads\/2022\/05\/3_6_3_afegir_llibreria_ES-300x233.jpg 300w, \/wp-content\/uploads\/2022\/05\/3_6_3_afegir_llibreria_ES-768x597.jpg 768w, \/wp-content\/uploads\/2022\/05\/3_6_3_afegir_llibreria_ES.jpg 1426w\" sizes=\"(max-width: 420px) 100vw, 420px\" \/><\/p>\n<p>En la secci\u00f3n <strong>Librer\u00edas &gt; Gr\u00e1ficos<\/strong> encontraremos una que se llama <em>TFT.ubl<\/em>. Seleccion\u00e9mosla y hagamos clic en el bot\u00f3n de abrir, despu\u00e9s veremos como aparece en la secci\u00f3n de librer\u00edas.<\/p>\n<p><img loading=\"lazy\" class=\"alignnone wp-image-2093 size-large\" src=\"\/wp-content\/uploads\/2021\/10\/llibreria_es-1024x818.png\" alt=\"\" width=\"640\" height=\"511\" srcset=\"\/wp-content\/uploads\/2021\/10\/llibreria_es-1024x818.png 1024w, \/wp-content\/uploads\/2021\/10\/llibreria_es-300x240.png 300w, \/wp-content\/uploads\/2021\/10\/llibreria_es-768x613.png 768w, \/wp-content\/uploads\/2021\/10\/llibreria_es.png 1275w\" sizes=\"(max-width: 640px) 100vw, 640px\" \/><\/p>\n<p>Una vez hayamos instalado la librer\u00eda, podremos ver los diferentes bloques de c\u00f3digo que nos permitir\u00e1n interactuar con la pantalla TFT de la placa ED1.<\/p>\n<p><img loading=\"lazy\" class=\"size-large wp-image-2717 alignnone\" src=\"\/wp-content\/uploads\/2022\/05\/3_6_3_llibreria_tft_ES-923x1024.jpg\" alt=\"\" width=\"640\" height=\"710\" srcset=\"\/wp-content\/uploads\/2022\/05\/3_6_3_llibreria_tft_ES-923x1024.jpg 923w, \/wp-content\/uploads\/2022\/05\/3_6_3_llibreria_tft_ES-270x300.jpg 270w, \/wp-content\/uploads\/2022\/05\/3_6_3_llibreria_tft_ES-768x852.jpg 768w, \/wp-content\/uploads\/2022\/05\/3_6_3_llibreria_tft_ES-1385x1536.jpg 1385w, \/wp-content\/uploads\/2022\/05\/3_6_3_llibreria_tft_ES-1846x2048.jpg 1846w\" sizes=\"(max-width: 640px) 100vw, 640px\" \/><\/p>\n<div class=\"featured featured-blue\"><p>Cada vez que se crea un nuevo proyecto de MicroBlocks, se tienen que a\u00f1adir a este las librer\u00edas que se quieran utilizar siguiendo este proceso.<\/p>\n<\/div>\n<p>Intenta escribir tu nombre o cualquier otro texto a partir de este c\u00f3digo:<\/p>\n<p><img loading=\"lazy\" class=\"size-full wp-image-2721 alignnone\" src=\"\/wp-content\/uploads\/2022\/05\/3_6_3_text_pantalla_ES.jpg\" alt=\"\" width=\"335\" height=\"119\" srcset=\"\/wp-content\/uploads\/2022\/05\/3_6_3_text_pantalla_ES.jpg 335w, \/wp-content\/uploads\/2022\/05\/3_6_3_text_pantalla_ES-300x107.jpg 300w\" sizes=\"(max-width: 335px) 100vw, 335px\" \/><\/p>\n<p>Una vez lo hayamos escrito, lo podemos subir a la placa con el icono de la flechita verde en la parte superior derecha de la ventana.<\/p>\n<p>Si todo ha ido bien, deber\u00eda aparecer nuestro nombre en la pantalla. El texto en la pantalla tiene un aspecto como este:<\/p>\n<p><img loading=\"lazy\" class=\"alignnone size-large wp-image-1642\" src=\"\/wp-content\/uploads\/2021\/09\/image011-1024x768.jpg\" alt=\"\" width=\"640\" height=\"480\" srcset=\"\/wp-content\/uploads\/2021\/09\/image011-1024x768.jpg 1024w, \/wp-content\/uploads\/2021\/09\/image011-300x225.jpg 300w, \/wp-content\/uploads\/2021\/09\/image011-768x576.jpg 768w, \/wp-content\/uploads\/2021\/09\/image011.jpg 2048w\" sizes=\"(max-width: 640px) 100vw, 640px\" \/><\/p>\n","protected":false},"excerpt":{"rendered":"<p>Vamos a hacer un primer ejercicio para familiarizarnos con la placa ED1 y ver c\u00f3mo escribir y subirle c\u00f3digo. Os proponemos mostrar vuestro nombre en la pantalla integrada a la placa ED1. Para hacer el ejercicio necesitaremos la placa ED1 y el cable USB-C conectado a la placa y al ordenador. Una vez lo tengamos [&hellip;]<\/p>\n","protected":false},"author":2,"featured_media":0,"parent":0,"menu_order":0,"comment_status":"closed","ping_status":"closed","template":"","meta":[],"acf":[],"_links":{"self":[{"href":"http:\/\/quadern-tpi.recursos.uoc.edu\/es\/wp-json\/wp\/v2\/pages\/2091"}],"collection":[{"href":"http:\/\/quadern-tpi.recursos.uoc.edu\/es\/wp-json\/wp\/v2\/pages"}],"about":[{"href":"http:\/\/quadern-tpi.recursos.uoc.edu\/es\/wp-json\/wp\/v2\/types\/page"}],"author":[{"embeddable":true,"href":"http:\/\/quadern-tpi.recursos.uoc.edu\/es\/wp-json\/wp\/v2\/users\/2"}],"replies":[{"embeddable":true,"href":"http:\/\/quadern-tpi.recursos.uoc.edu\/es\/wp-json\/wp\/v2\/comments?post=2091"}],"version-history":[{"count":8,"href":"http:\/\/quadern-tpi.recursos.uoc.edu\/es\/wp-json\/wp\/v2\/pages\/2091\/revisions"}],"predecessor-version":[{"id":2876,"href":"http:\/\/quadern-tpi.recursos.uoc.edu\/es\/wp-json\/wp\/v2\/pages\/2091\/revisions\/2876"}],"wp:attachment":[{"href":"http:\/\/quadern-tpi.recursos.uoc.edu\/es\/wp-json\/wp\/v2\/media?parent=2091"}],"curies":[{"name":"wp","href":"https:\/\/api.w.org\/{rel}","templated":true}]}}