{"id":2086,"date":"2021-10-14T12:55:28","date_gmt":"2021-10-14T10:55:28","guid":{"rendered":"http:\/\/quadern-tpi.recursos.uoc.edu\/?page_id=2086"},"modified":"2022-06-07T13:32:47","modified_gmt":"2022-06-07T11:32:47","slug":"3-6-2-el-entorno-de-programacion-microblocks","status":"publish","type":"page","link":"http:\/\/quadern-tpi.recursos.uoc.edu\/es\/3-6-2-el-entorno-de-programacion-microblocks\/","title":{"rendered":"3.6.2. El entorno de programaci\u00f3n MicroBlocks"},"content":{"rendered":"<p>MicroBlocks es un lenguaje de programaci\u00f3n visual basado en bloques, muy parecido a Snap!, que nos permitir\u00e1, de manera muy f\u00e1cil e inmediata, conectarnos a nuestra placa ED1 y llevar a cabo proyectos de computaci\u00f3n f\u00edsica. Lo podemos descargar en: <a href=\"https:\/\/microblocks.fun\/\" target=\"_blank\" rel=\"noopener noreferrer\">https:\/\/microblocks.fun\/<\/a><\/p>\n<p>Cuando lo abramos, veremos un entorno de trabajo como este:<\/p>\n<p><img loading=\"lazy\" class=\"aligncenter wp-image-2088 size-full\" src=\"\/wp-content\/uploads\/2021\/10\/microblocs_es.png\" alt=\"\" width=\"2240\" height=\"1396\" srcset=\"\/wp-content\/uploads\/2021\/10\/microblocs_es.png 2240w, \/wp-content\/uploads\/2021\/10\/microblocs_es-300x187.png 300w, \/wp-content\/uploads\/2021\/10\/microblocs_es-768x479.png 768w, \/wp-content\/uploads\/2021\/10\/microblocs_es-1024x638.png 1024w\" sizes=\"(max-width: 2240px) 100vw, 2240px\" \/><\/p>\n<p>Conociendo Snap!, no tendremos ning\u00fan problema a la hora de trabajar con MicroBlocks, puesto que tambi\u00e9n se trata de un entorno de programaci\u00f3n con bloques. En la columna lateral izquierda, tenemos un men\u00fa con el que podemos obtener bloques de distintos tipos. Cuando seleccionemos un tipo de bloques, aparecer\u00e1n diferentes posibilidades en la columna continua a su derecha. En el men\u00fa de bloques de control, tenemos un bloque que se llama \u00abal empezar\u00bb. Todos los bloques que pongamos debajo ser\u00e1n ejecutados cuando empiece el programa, por lo tanto, lo podemos usar para inicializar todo lo que sea necesario. Las instrucciones que pongamos dentro de \u00abpara siempre\u00bb se ejecutar\u00e1n de manera continuada hasta que paremos el programa (igual como ocurr\u00eda con Snap!).<\/p>\n<p>En la barra superior hay unos iconos de opciones, desde las que podemos acceder, por orden, a:<\/p>\n<ul>\n<li>cambio de idioma<\/li>\n<li>informaci\u00f3n y actualizaci\u00f3n de la placa<\/li>\n<li>crear o abrir un nuevo programa<\/li>\n<li>gr\u00e1fico de datos<\/li>\n<li>conexi\u00f3n en la placa<\/li>\n<\/ul>\n<p>En el siguiente enlace encontrar\u00e9is muchos videotutoriales sobre c\u00f3mo conectar la placa ED1 a MicroBlocks: <a href=\"https:\/\/market.citilab.eu\/es\/instalacion-de-microblocks\/\" target=\"_blank\" rel=\"noopener\">https:\/\/market.citilab.eu\/es\/instalacion-de-microblocks\/<\/a><\/p>\n","protected":false},"excerpt":{"rendered":"<p>MicroBlocks es un lenguaje de programaci\u00f3n visual basado en bloques, muy parecido a Snap!, que nos permitir\u00e1, de manera muy f\u00e1cil e inmediata, conectarnos a nuestra placa ED1 y llevar a cabo proyectos de computaci\u00f3n f\u00edsica. Lo podemos descargar en: https:\/\/microblocks.fun\/ Cuando lo abramos, veremos un entorno de trabajo como este: Conociendo Snap!, no tendremos [&hellip;]<\/p>\n","protected":false},"author":2,"featured_media":0,"parent":0,"menu_order":0,"comment_status":"closed","ping_status":"closed","template":"","meta":[],"acf":[],"_links":{"self":[{"href":"http:\/\/quadern-tpi.recursos.uoc.edu\/es\/wp-json\/wp\/v2\/pages\/2086"}],"collection":[{"href":"http:\/\/quadern-tpi.recursos.uoc.edu\/es\/wp-json\/wp\/v2\/pages"}],"about":[{"href":"http:\/\/quadern-tpi.recursos.uoc.edu\/es\/wp-json\/wp\/v2\/types\/page"}],"author":[{"embeddable":true,"href":"http:\/\/quadern-tpi.recursos.uoc.edu\/es\/wp-json\/wp\/v2\/users\/2"}],"replies":[{"embeddable":true,"href":"http:\/\/quadern-tpi.recursos.uoc.edu\/es\/wp-json\/wp\/v2\/comments?post=2086"}],"version-history":[{"count":7,"href":"http:\/\/quadern-tpi.recursos.uoc.edu\/es\/wp-json\/wp\/v2\/pages\/2086\/revisions"}],"predecessor-version":[{"id":2834,"href":"http:\/\/quadern-tpi.recursos.uoc.edu\/es\/wp-json\/wp\/v2\/pages\/2086\/revisions\/2834"}],"wp:attachment":[{"href":"http:\/\/quadern-tpi.recursos.uoc.edu\/es\/wp-json\/wp\/v2\/media?parent=2086"}],"curies":[{"name":"wp","href":"https:\/\/api.w.org\/{rel}","templated":true}]}}