{"id":2066,"date":"2021-10-14T11:56:03","date_gmt":"2021-10-14T09:56:03","guid":{"rendered":"http:\/\/quadern-tpi.recursos.uoc.edu\/?page_id=2066"},"modified":"2021-12-20T14:42:21","modified_gmt":"2021-12-20T12:42:21","slug":"3-3-6-resumen-y-recursos","status":"publish","type":"page","link":"http:\/\/quadern-tpi.recursos.uoc.edu\/es\/3-3-6-resumen-y-recursos\/","title":{"rendered":"3.3.6. Resumen y bibliograf\u00eda"},"content":{"rendered":"<p>En este apartado se ha presentado la <strong>interacci\u00f3n persona-ordenador<\/strong>, una disciplina acad\u00e9mica que desde sus inicios estudia la interacci\u00f3n de las personas con los sistemas. Los conceptos de la interacci\u00f3n persona-ordenador han dado lugar a diferentes \u00e1reas del conocimiento. En el contexto de esta asignatura nos hemos centrado en el <strong>dise\u00f1o de interacci\u00f3n<\/strong>.<\/p>\n<p>El<strong> dise\u00f1o centrado en el usuario<\/strong> se ha presentado como una filosof\u00eda de trabajo y una aproximaci\u00f3n metodol\u00f3gica a la interacci\u00f3n persona-ordenador. El objetivo principal es que lo conozc\u00e1is y lo teng\u00e1is en cuenta, si es necesario, en la creaci\u00f3n de instalaciones interactivas.<\/p>\n<p>Tambi\u00e9n hab\u00e9is visto un resumen de los diferentes <strong>estilos de interacci\u00f3n<\/strong> y <strong>tipos de interfaces<\/strong> disponibles con las tecnolog\u00edas actuales. Cualquier producto, artefacto o instalaci\u00f3n interactiva actual se basa en estos estilos y tipos.<\/p>\n<p>Para finalizar el apartado, se han presentado los principales <strong>principios de dise\u00f1o de interacci\u00f3n<\/strong> y dise\u00f1o de interfaces. Al igual que con el dise\u00f1o centrado en el usuario, es importante que los conozc\u00e1is y, dependiendo de vuestra instalaci\u00f3n interactiva, decid\u00e1is c\u00f3mo y cu\u00e1ndo tenerlos en cuenta.<\/p>\n<p><strong>Bibliograf\u00eda<\/strong><\/p>\n<p><strong>Garreta, Muriel; Mor, Enric<\/strong> (2010). <em>Dise\u00f1o centrado en el usuario<\/em>. Universitat Oberta de Catalunya.<\/p>\n<p><strong>Gondomar, Romualdo<\/strong> (2020). <em>Quadern de disseny d\u2019interacci\u00f3: processos, m\u00e8todes i t\u00e8cniques<\/em>. Universitat Oberta de Catalunya.<\/p>\n<p><b data-stringify-type=\"bold\">Hewett, Thomas T.; Baecker, Ronald; Card, Stuart\u00a0<\/b><b data-stringify-type=\"bold\"><i data-stringify-type=\"italic\">et al<\/i><\/b><b data-stringify-type=\"bold\">.<\/b>\u00a0(1992).\u00a0<i data-stringify-type=\"italic\">ACM SIGCHI Curricula for Human-Computer Interaction\u00a0<\/i>[informe t\u00e9cnico]. Nueva York, NY: Association for Computing Machinery.<\/p>\n<p><strong>Kwastek, Katja<\/strong> (2013). <em>Aesthetics of Interaction in Digital Art.<\/em> MIT Press.<\/p>\n<p><strong>Mor, Enric<\/strong> (coord.). (2021) <em>Design Toolkit<\/em> [en l\u00ednea]. Barcelona: UOC. &lt;<a href=\"http:\/\/design-toolkit.recursos.uoc.edu\" target=\"_blank\" rel=\"noopener noreferrer\">http:\/\/design-toolkit.recursos.uoc.edu<\/a>&gt;.<\/p>\n<p><strong>Moggridge, Bill<\/strong> (2007). <em>Designing Interactions<\/em>. MIT Press. &lt;<a href=\"http:\/\/www.designinginteractions.com\" target=\"_blank\" rel=\"noopener noreferrer\">www.designinginteractions.com<\/a>&gt;.<\/p>\n<p><strong>Norman, Donald A.<\/strong> (2013). <em>The Design of Everyday Things. Revised and Expanded<\/em>. Basic Books.<\/p>\n<p><strong>Sharp, Helen; Preece, Jennifer; Rogers, Yvonne<\/strong> (2019). <em>Interaction Design: Beyond Human-Computer Interaction<\/em> (5.\u00aa ed.). Wiley.<\/p>\n","protected":false},"excerpt":{"rendered":"<p>En este apartado se ha presentado la interacci\u00f3n persona-ordenador, una disciplina acad\u00e9mica que desde sus inicios estudia la interacci\u00f3n de las personas con los sistemas. Los conceptos de la interacci\u00f3n persona-ordenador han dado lugar a diferentes \u00e1reas del conocimiento. En el contexto de esta asignatura nos hemos centrado en el dise\u00f1o de interacci\u00f3n. El dise\u00f1o [&hellip;]<\/p>\n","protected":false},"author":2,"featured_media":0,"parent":0,"menu_order":0,"comment_status":"closed","ping_status":"closed","template":"","meta":[],"acf":[],"_links":{"self":[{"href":"http:\/\/quadern-tpi.recursos.uoc.edu\/es\/wp-json\/wp\/v2\/pages\/2066"}],"collection":[{"href":"http:\/\/quadern-tpi.recursos.uoc.edu\/es\/wp-json\/wp\/v2\/pages"}],"about":[{"href":"http:\/\/quadern-tpi.recursos.uoc.edu\/es\/wp-json\/wp\/v2\/types\/page"}],"author":[{"embeddable":true,"href":"http:\/\/quadern-tpi.recursos.uoc.edu\/es\/wp-json\/wp\/v2\/users\/2"}],"replies":[{"embeddable":true,"href":"http:\/\/quadern-tpi.recursos.uoc.edu\/es\/wp-json\/wp\/v2\/comments?post=2066"}],"version-history":[{"count":9,"href":"http:\/\/quadern-tpi.recursos.uoc.edu\/es\/wp-json\/wp\/v2\/pages\/2066\/revisions"}],"predecessor-version":[{"id":2673,"href":"http:\/\/quadern-tpi.recursos.uoc.edu\/es\/wp-json\/wp\/v2\/pages\/2066\/revisions\/2673"}],"wp:attachment":[{"href":"http:\/\/quadern-tpi.recursos.uoc.edu\/es\/wp-json\/wp\/v2\/media?parent=2066"}],"curies":[{"name":"wp","href":"https:\/\/api.w.org\/{rel}","templated":true}]}}