{"id":1506,"date":"2020-09-15T10:26:07","date_gmt":"2020-09-15T08:26:07","guid":{"rendered":"http:\/\/quadern-tpi.recursos.uoc.edu\/1-4-15-els-meus-projectes\/"},"modified":"2020-09-15T12:15:44","modified_gmt":"2020-09-15T10:15:44","slug":"1-4-15-els-meus-projectes","status":"publish","type":"page","link":"http:\/\/quadern-tpi.recursos.uoc.edu\/es\/1-4-15-els-meus-projectes\/","title":{"rendered":"1.4.15. Mis proyectos"},"content":{"rendered":"<p>Si visit\u00e1is la p\u00e1gina principal de Snap! y entr\u00e1is dentro de vuestra cuenta de usuario, podr\u00e9is ir a la secci\u00f3n \u00abmis proyectos\u00bb, donde ver\u00e9is todos los proyectos guardados, tanto si est\u00e1n compartidos y\/o publicados, o no.<\/p>\n<p>Cada proyecto tiene unos iconos justo debajo de \u00e9l, que informan de si est\u00e1 compartido (es decir, si podemos compartirlo mediante el enlace) y de si es p\u00fablico (es decir, si puede ser encontrado mediante navegaci\u00f3n dentro de la web de Snap!).<\/p>\n<p><img loading=\"lazy\" class=\"alignnone wp-image-1502\" src=\"\/wp-content\/uploads\/2020\/09\/image111.jpg\" alt=\"\" width=\"474\" height=\"216\" srcset=\"\/wp-content\/uploads\/2020\/09\/image111.jpg 661w, \/wp-content\/uploads\/2020\/09\/image111-300x137.jpg 300w\" sizes=\"(max-width: 474px) 100vw, 474px\" \/><\/p>\n","protected":false},"excerpt":{"rendered":"<p>Si visit\u00e1is la p\u00e1gina principal de Snap! y entr\u00e1is dentro de vuestra cuenta de usuario, podr\u00e9is ir a la secci\u00f3n \u00abmis proyectos\u00bb, donde ver\u00e9is todos los proyectos guardados, tanto si est\u00e1n compartidos y\/o publicados, o no. Cada proyecto tiene unos iconos justo debajo de \u00e9l, que informan de si est\u00e1 compartido (es decir, si podemos [&hellip;]<\/p>\n","protected":false},"author":4,"featured_media":0,"parent":0,"menu_order":0,"comment_status":"closed","ping_status":"closed","template":"","meta":[],"acf":[],"_links":{"self":[{"href":"http:\/\/quadern-tpi.recursos.uoc.edu\/es\/wp-json\/wp\/v2\/pages\/1506"}],"collection":[{"href":"http:\/\/quadern-tpi.recursos.uoc.edu\/es\/wp-json\/wp\/v2\/pages"}],"about":[{"href":"http:\/\/quadern-tpi.recursos.uoc.edu\/es\/wp-json\/wp\/v2\/types\/page"}],"author":[{"embeddable":true,"href":"http:\/\/quadern-tpi.recursos.uoc.edu\/es\/wp-json\/wp\/v2\/users\/4"}],"replies":[{"embeddable":true,"href":"http:\/\/quadern-tpi.recursos.uoc.edu\/es\/wp-json\/wp\/v2\/comments?post=1506"}],"version-history":[{"count":2,"href":"http:\/\/quadern-tpi.recursos.uoc.edu\/es\/wp-json\/wp\/v2\/pages\/1506\/revisions"}],"predecessor-version":[{"id":1512,"href":"http:\/\/quadern-tpi.recursos.uoc.edu\/es\/wp-json\/wp\/v2\/pages\/1506\/revisions\/1512"}],"wp:attachment":[{"href":"http:\/\/quadern-tpi.recursos.uoc.edu\/es\/wp-json\/wp\/v2\/media?parent=1506"}],"curies":[{"name":"wp","href":"https:\/\/api.w.org\/{rel}","templated":true}]}}