{"id":1492,"date":"2020-09-15T10:15:50","date_gmt":"2020-09-15T08:15:50","guid":{"rendered":"http:\/\/quadern-tpi.recursos.uoc.edu\/?page_id=1492"},"modified":"2020-09-15T12:13:33","modified_gmt":"2020-09-15T10:13:33","slug":"1-4-10-creacio-de-personatges","status":"publish","type":"page","link":"http:\/\/quadern-tpi.recursos.uoc.edu\/es\/1-4-10-creacio-de-personatges\/","title":{"rendered":"1.4.10. Creaci\u00f3n de personajes"},"content":{"rendered":"<p>En todos los ejemplos y ejercicios hasta ahora, hemos utilizado los personajes que Snap! nos da por defecto, porque hemos estado centrados en dibujar y pintar, sin importar la forma y la apariencia del mismo personaje que est\u00e1 dibujando. Por defecto, los personajes de Snap! son simples tri\u00e1ngulos, con la punta marc\u00e1ndonos su orientaci\u00f3n. Recordad que estamos utilizando el t\u00e9rmino \u00abpersonaje\u00bb, pero que a veces en funci\u00f3n de la lengua y el contexto, utilizamos \u00absprite\u00bb, \u00abtortuga\u00bb o \u00abobjeto\u00bb.<\/p>\n<p>Sin embargo, podemos crear personajes que tengan otras formas y colores, permitiendo que sean ellos mismos parte de la obra que estamos creando. Podemos crear personajes de diferentes maneras.<\/p>\n<p>Hay tres botones justo debajo del escenario, que nos permiten:<\/p>\n<ol>\n<li>Crear un nuevo personaje est\u00e1ndar (otro tri\u00e1ngulo como el que ya tenemos por defecto).<\/li>\n<li>Dibujar nuestro propio personaje. Esto abrir\u00e1 un editor de im\u00e1genes muy sencillo, con el cual podemos dibujar nuestro personaje y editarlo cuando sea necesario.<\/li>\n<li>Hacer una captura con la webcam y convertir el resultado en un personaje.<\/li>\n<\/ol>\n<p>Tambi\u00e9n, en el \u00e1rea \u00abdisfraces\u00bb (que ya explicaremos y practicaremos en las pr\u00f3ximas gu\u00edas), podemos arrastrar cualquier fotograf\u00eda o imagen que tengamos en el ordenador, y \u00e9sta pasa a ser la imagen del personaje que estamos programando.<\/p>\n<p>Cuando dibujamos el personaje utilizando el editor de im\u00e1genes de Snap!, es importante saber que existe un bot\u00f3n \u00abvector\u00bb, que nos permite dibujar en formato vectorial. Esto es importante, porque si despu\u00e9s durante la ejecuci\u00f3n de nuestro proyecto hacemos que el personaje cambie de tama\u00f1o, no se pixelar\u00e1 y lo seguiremos viendo bien.<\/p>\n","protected":false},"excerpt":{"rendered":"<p>En todos los ejemplos y ejercicios hasta ahora, hemos utilizado los personajes que Snap! nos da por defecto, porque hemos estado centrados en dibujar y pintar, sin importar la forma y la apariencia del mismo personaje que est\u00e1 dibujando. Por defecto, los personajes de Snap! son simples tri\u00e1ngulos, con la punta marc\u00e1ndonos su orientaci\u00f3n. Recordad [&hellip;]<\/p>\n","protected":false},"author":4,"featured_media":0,"parent":0,"menu_order":0,"comment_status":"closed","ping_status":"closed","template":"","meta":[],"acf":[],"_links":{"self":[{"href":"http:\/\/quadern-tpi.recursos.uoc.edu\/es\/wp-json\/wp\/v2\/pages\/1492"}],"collection":[{"href":"http:\/\/quadern-tpi.recursos.uoc.edu\/es\/wp-json\/wp\/v2\/pages"}],"about":[{"href":"http:\/\/quadern-tpi.recursos.uoc.edu\/es\/wp-json\/wp\/v2\/types\/page"}],"author":[{"embeddable":true,"href":"http:\/\/quadern-tpi.recursos.uoc.edu\/es\/wp-json\/wp\/v2\/users\/4"}],"replies":[{"embeddable":true,"href":"http:\/\/quadern-tpi.recursos.uoc.edu\/es\/wp-json\/wp\/v2\/comments?post=1492"}],"version-history":[{"count":4,"href":"http:\/\/quadern-tpi.recursos.uoc.edu\/es\/wp-json\/wp\/v2\/pages\/1492\/revisions"}],"predecessor-version":[{"id":1510,"href":"http:\/\/quadern-tpi.recursos.uoc.edu\/es\/wp-json\/wp\/v2\/pages\/1492\/revisions\/1510"}],"wp:attachment":[{"href":"http:\/\/quadern-tpi.recursos.uoc.edu\/es\/wp-json\/wp\/v2\/media?parent=1492"}],"curies":[{"name":"wp","href":"https:\/\/api.w.org\/{rel}","templated":true}]}}