{"id":1006,"date":"2019-08-20T10:22:11","date_gmt":"2019-08-20T08:22:11","guid":{"rendered":"http:\/\/quadern-tpi.recursos.uoc.edu\/5-9-2-exercici-7-es-pot-simular-la-creativitat-amb-un-ordinador\/"},"modified":"2019-09-16T19:35:42","modified_gmt":"2019-09-16T17:35:42","slug":"5-9-2-exercici-7-es-pot-simular-la-creativitat-amb-un-ordinador","status":"publish","type":"page","link":"http:\/\/quadern-tpi.recursos.uoc.edu\/es\/5-9-2-exercici-7-es-pot-simular-la-creativitat-amb-un-ordinador\/","title":{"rendered":"5.9.2. Ejercicio 7: \u00bfse puede simular la creatividad con un ordenador?"},"content":{"rendered":"<p>Os pedimos que contest\u00e9is a la pregunta del t\u00edtulo del ejercicio, y para hacerlo os proponemos que le\u00e1is el art\u00edculo \u00ab<a href=\"https:\/\/folk.idi.ntnu.no\/agnar\/Documents\/Colton_Wiggins12.pdf\" target=\"_blank\" rel=\"noopener noreferrer\">Computational creativity: the final frontier?<\/a>\u00bb (2012), de <strong>Simon<\/strong> <strong>Colton <\/strong>y<strong> Geraint A. Wiggins<\/strong>, y que despu\u00e9s escrib\u00e1is y compart\u00e1is vuestra opini\u00f3n o las ideas que os haya sugerido.<\/p>\n<p>Tambi\u00e9n pod\u00e9is buscar lecturas complementarias haciendo b\u00fasquedas como \u00ab<em>computational creativity<\/em>\u00bb, o \u00abm\u00e1quinas y creatividad\u00bb.<\/p>\n","protected":false},"excerpt":{"rendered":"<p>Os pedimos que contest\u00e9is a la pregunta del t\u00edtulo del ejercicio, y para hacerlo os proponemos que le\u00e1is el art\u00edculo \u00abComputational creativity: the final frontier?\u00bb (2012), de Simon Colton y Geraint A. Wiggins, y que despu\u00e9s escrib\u00e1is y compart\u00e1is vuestra opini\u00f3n o las ideas que os haya sugerido. Tambi\u00e9n pod\u00e9is buscar lecturas complementarias haciendo b\u00fasquedas [&hellip;]<\/p>\n","protected":false},"author":2,"featured_media":0,"parent":0,"menu_order":0,"comment_status":"closed","ping_status":"closed","template":"","meta":[],"acf":[],"_links":{"self":[{"href":"http:\/\/quadern-tpi.recursos.uoc.edu\/es\/wp-json\/wp\/v2\/pages\/1006"}],"collection":[{"href":"http:\/\/quadern-tpi.recursos.uoc.edu\/es\/wp-json\/wp\/v2\/pages"}],"about":[{"href":"http:\/\/quadern-tpi.recursos.uoc.edu\/es\/wp-json\/wp\/v2\/types\/page"}],"author":[{"embeddable":true,"href":"http:\/\/quadern-tpi.recursos.uoc.edu\/es\/wp-json\/wp\/v2\/users\/2"}],"replies":[{"embeddable":true,"href":"http:\/\/quadern-tpi.recursos.uoc.edu\/es\/wp-json\/wp\/v2\/comments?post=1006"}],"version-history":[{"count":1,"href":"http:\/\/quadern-tpi.recursos.uoc.edu\/es\/wp-json\/wp\/v2\/pages\/1006\/revisions"}],"predecessor-version":[{"id":1007,"href":"http:\/\/quadern-tpi.recursos.uoc.edu\/es\/wp-json\/wp\/v2\/pages\/1006\/revisions\/1007"}],"wp:attachment":[{"href":"http:\/\/quadern-tpi.recursos.uoc.edu\/es\/wp-json\/wp\/v2\/media?parent=1006"}],"curies":[{"name":"wp","href":"https:\/\/api.w.org\/{rel}","templated":true}]}}