{"id":1003,"date":"2019-08-20T10:21:27","date_gmt":"2019-08-20T08:21:27","guid":{"rendered":"http:\/\/quadern-tpi.recursos.uoc.edu\/5-9-1-introduccio\/"},"modified":"2019-09-16T19:34:52","modified_gmt":"2019-09-16T17:34:52","slug":"5-9-1-introduccio","status":"publish","type":"page","link":"http:\/\/quadern-tpi.recursos.uoc.edu\/es\/5-9-1-introduccio\/","title":{"rendered":"5.9.1. Introducci\u00f3n"},"content":{"rendered":"<p>Durante toda la gu\u00eda nos hemos centrado en la poes\u00eda, pero muchas de las cosas que hemos hablado son aplicables al arte en general.<\/p>\n<p>Por ejemplo, hemos hablado de la inteligencia artificial aplicada a la generaci\u00f3n de poemas, pero tambi\u00e9n nos puede ayudar en la pintura, la m\u00fasica, el cine, etc.<\/p>\n<p>Si nos centr\u00e1ramos en la pintura, podr\u00edamos ense\u00f1ar numerosos ejemplos. Uno famoso es <a href=\"http:\/\/aaronshome.com\/aaron\/index.html\" target=\"_blank\" rel=\"noopener noreferrer\">AARON<\/a>, un programa de ordenador escrito por el artista <a href=\"https:\/\/en.wikipedia.org\/wiki\/Harold_Cohen_(artist)\" target=\"_blank\" rel=\"noopener noreferrer\">Harold Cohen<\/a>, que es capaz de crear im\u00e1genes art\u00edsticas originales.<\/p>\n<figure id=\"attachment_64\" aria-describedby=\"caption-attachment-64\" style=\"width: 800px\" class=\"wp-caption alignnone\"><img loading=\"lazy\" class=\"size-full wp-image-64\" src=\"\/wp-content\/uploads\/2019\/08\/20.212_149.jpg\" alt=\"\" width=\"800\" height=\"370\" srcset=\"\/wp-content\/uploads\/2019\/08\/20.212_149.jpg 800w, \/wp-content\/uploads\/2019\/08\/20.212_149-300x139.jpg 300w, \/wp-content\/uploads\/2019\/08\/20.212_149-768x355.jpg 768w\" sizes=\"(max-width: 800px) 100vw, 800px\" \/><figcaption id=\"caption-attachment-64\" class=\"wp-caption-text\">Obres generades pel programa AARON<\/figcaption><\/figure>\n<p>Recordad que en el \u00faltimo cap\u00edtulo del apartado \u00abArte interactivo\u00bb habl\u00e1bamos de experiencias que evocaban \u00abLove Letters\u00bb, proyecto algor\u00edtmico de <strong>Christopher<\/strong> <strong>Strachey<\/strong>. Tambi\u00e9n hay propuestas como \u00abThe Bible Scribe\u00bb (2007), del colectivo <strong>Robotlab<\/strong>, que es un aut\u00f3mata que escribe versos con tipograf\u00edas tradicionales.<\/p>\n<p>\u00bfPero AARON, \u00abThe Bible Scribe\u00bb y otros sistemas artificiales son verdaderamente creativos? \u00bfQu\u00e9 es la creatividad computacional?<\/p>\n<p>Para responder a estas preguntas os proponemos un \u00faltimo ejercicio.<\/p>\n","protected":false},"excerpt":{"rendered":"<p>Durante toda la gu\u00eda nos hemos centrado en la poes\u00eda, pero muchas de las cosas que hemos hablado son aplicables al arte en general. Por ejemplo, hemos hablado de la inteligencia artificial aplicada a la generaci\u00f3n de poemas, pero tambi\u00e9n nos puede ayudar en la pintura, la m\u00fasica, el cine, etc. Si nos centr\u00e1ramos en [&hellip;]<\/p>\n","protected":false},"author":2,"featured_media":0,"parent":0,"menu_order":0,"comment_status":"closed","ping_status":"closed","template":"","meta":[],"acf":[],"_links":{"self":[{"href":"http:\/\/quadern-tpi.recursos.uoc.edu\/es\/wp-json\/wp\/v2\/pages\/1003"}],"collection":[{"href":"http:\/\/quadern-tpi.recursos.uoc.edu\/es\/wp-json\/wp\/v2\/pages"}],"about":[{"href":"http:\/\/quadern-tpi.recursos.uoc.edu\/es\/wp-json\/wp\/v2\/types\/page"}],"author":[{"embeddable":true,"href":"http:\/\/quadern-tpi.recursos.uoc.edu\/es\/wp-json\/wp\/v2\/users\/2"}],"replies":[{"embeddable":true,"href":"http:\/\/quadern-tpi.recursos.uoc.edu\/es\/wp-json\/wp\/v2\/comments?post=1003"}],"version-history":[{"count":1,"href":"http:\/\/quadern-tpi.recursos.uoc.edu\/es\/wp-json\/wp\/v2\/pages\/1003\/revisions"}],"predecessor-version":[{"id":1004,"href":"http:\/\/quadern-tpi.recursos.uoc.edu\/es\/wp-json\/wp\/v2\/pages\/1003\/revisions\/1004"}],"wp:attachment":[{"href":"http:\/\/quadern-tpi.recursos.uoc.edu\/es\/wp-json\/wp\/v2\/media?parent=1003"}],"curies":[{"name":"wp","href":"https:\/\/api.w.org\/{rel}","templated":true}]}}