{"id":1000,"date":"2019-08-20T10:19:44","date_gmt":"2019-08-20T08:19:44","guid":{"rendered":"http:\/\/quadern-tpi.recursos.uoc.edu\/5-8-3-exercici-6-poesia-interactiva-amb-microbit\/"},"modified":"2021-12-20T02:45:43","modified_gmt":"2021-12-20T00:45:43","slug":"5-8-3-exercici-6-poesia-interactiva-amb-microbit","status":"publish","type":"page","link":"http:\/\/quadern-tpi.recursos.uoc.edu\/es\/5-8-3-exercici-6-poesia-interactiva-amb-microbit\/","title":{"rendered":"5.8.3. Ejercicio 6: poes\u00eda interactiva con ED1"},"content":{"rendered":"<p>Sin necesidad de pensar en instalaciones tan complejas como las dos anteriores, en este ejercicio os pedimos que imagin\u00e9is y construy\u00e1is un proyecto po\u00e9tico que use los sensores y\/o el servosistema de la ED1. Tambi\u00e9n pod\u00e9is jugar con la pantalla TFT integrada para ir haciendo salir caracteres que formen palabras y versos o interactuar con vuestro ordenador y un c\u00f3digo de Snap!. En la gu\u00eda de vuestro kit ED1 pod\u00e9is consultar c\u00f3mo utilizar los diferentes componentes de la placa y, en el apartado anterior, a c\u00f3mo conectarlo con Snap!.<\/p>\n<p>Os dejamos unos ejemplos hechos con otras placas parecidas a la ED1:<\/p>\n<figure id=\"attachment_356\" aria-describedby=\"caption-attachment-356\" style=\"width: 580px\" class=\"wp-caption alignnone\"><img loading=\"lazy\" class=\" wp-image-356\" src=\"\/wp-content\/uploads\/2019\/08\/20.212_146.jpg\" alt=\"\" width=\"580\" height=\"432\" srcset=\"\/wp-content\/uploads\/2019\/08\/20.212_146.jpg 800w, \/wp-content\/uploads\/2019\/08\/20.212_146-300x224.jpg 300w, \/wp-content\/uploads\/2019\/08\/20.212_146-768x572.jpg 768w\" sizes=\"(max-width: 580px) 100vw, 580px\" \/><figcaption id=\"caption-attachment-356\" class=\"wp-caption-text\"><em>Little Box of Poems<\/em>. Giles Booth<\/figcaption><\/figure>\n<p>Hay creadores que hacen cosas sorprendentes como conectar una ED1 a una peque\u00f1a impresora t\u00e9rmica y crear peque\u00f1as obras como <a href=\"http:\/\/www.suppertime.co.uk\/blogmywiki\/little-box-of-poems\/\" target=\"_blank\" rel=\"noopener noreferrer\"><em>Little box of poems<\/em><\/a>, de <strong>Giles<\/strong> <strong>Booth<\/strong>.<\/p>\n<p>Con la misma idea, pero llevada a la pr\u00e1ctica de una manera m\u00e1s art\u00edstica, tenemos la obra <a href=\"http:\/\/www.vahakn.co.uk\/product\/quiet-radio-new\/\" target=\"_blank\" rel=\"noopener noreferrer\"><em>Quiet Radio<\/em><\/a>, de <strong>Vahakn<\/strong> <strong>Art &amp; Design Studio, <\/strong>Londres. Aqu\u00ed no explican (como s\u00ed que hacen en el caso anterior) c\u00f3mo han construido y programado el sistema. Podemos suponer que dentro de la caja hay alg\u00fan hardware como Arduino.<\/p>\n<figure id=\"attachment_358\" aria-describedby=\"caption-attachment-358\" style=\"width: 608px\" class=\"wp-caption alignnone\"><img loading=\"lazy\" class=\" wp-image-358\" src=\"\/wp-content\/uploads\/2019\/08\/20.212_147.jpg\" alt=\"\" width=\"608\" height=\"403\" srcset=\"\/wp-content\/uploads\/2019\/08\/20.212_147.jpg 800w, \/wp-content\/uploads\/2019\/08\/20.212_147-300x199.jpg 300w, \/wp-content\/uploads\/2019\/08\/20.212_147-768x509.jpg 768w\" sizes=\"(max-width: 608px) 100vw, 608px\" \/><figcaption id=\"caption-attachment-358\" class=\"wp-caption-text\"><em>Quiet Radio<\/em>. Vahakn Art &amp; Design Studio<\/figcaption><\/figure>\n<p>Y una obra algo m\u00e1s compleja que las dos anteriores es <a href=\"https:\/\/atmelcorporation.wordpress.com\/2015\/08\/03\/this-installation-makes-poetry-using-mits-conceptnet\/\" target=\"_blank\" rel=\"noopener noreferrer\"><em>Definitions<\/em><\/a> (2015), de <strong>Bryan<\/strong> <strong>Ma<\/strong>, que fue expuesta en el <strong>MIT Media Lab<\/strong>. La instalaci\u00f3n es una red de pantallas LCD controladas por un solo Arduino. La instalaci\u00f3n hace poes\u00eda generativa ayud\u00e1ndose de la red sem\u00e1ntica <a href=\"http:\/\/conceptnet5.media.mit.edu\/\" target=\"_blank\" rel=\"noopener noreferrer\">ConceptNet<\/a>, un proyecto de investigaci\u00f3n del MIT (Robyn Speer, Joshua Chin y Catherine Havasi, 2017). <strong>ConceptNet<\/strong> es una herramienta (un grafo de conocimiento) que la gente puede usar para crear sistemas que tengan en cuenta la sem\u00e1ntica de las palabras, por ejemplo, para crear poes\u00eda.<\/p>\n<figure id=\"attachment_360\" aria-describedby=\"caption-attachment-360\" style=\"width: 699px\" class=\"wp-caption alignnone\"><img loading=\"lazy\" class=\"wp-image-360 \" src=\"\/wp-content\/uploads\/2019\/08\/20.212_148.jpg\" alt=\"\" width=\"699\" height=\"285\" srcset=\"\/wp-content\/uploads\/2019\/08\/20.212_148.jpg 800w, \/wp-content\/uploads\/2019\/08\/20.212_148-300x122.jpg 300w, \/wp-content\/uploads\/2019\/08\/20.212_148-768x313.jpg 768w\" sizes=\"(max-width: 699px) 100vw, 699px\" \/><figcaption id=\"caption-attachment-360\" class=\"wp-caption-text\">Bryan Ma. <em>Definitions<\/em> (2015)<\/figcaption><\/figure>\n<p>Este ejercicio es abierto y no os pedimos que hag\u00e1is instalaciones como las anteriores, sino que las us\u00e9is para inspiraros. Se trata de hacer alguna instalaci\u00f3n sencilla (una prueba de concepto m\u00e1s que una obra) inspirada en el fen\u00f3meno po\u00e9tico y que use la ED1. Si en vez de ED1 tambi\u00e9n ten\u00e9is acceso a otras herramientas de electr\u00f3nica digital (como Arduinos, Raspberry Pi, etc.), tambi\u00e9n las pod\u00e9is usar.<\/p>\n","protected":false},"excerpt":{"rendered":"<p>Sin necesidad de pensar en instalaciones tan complejas como las dos anteriores, en este ejercicio os pedimos que imagin\u00e9is y construy\u00e1is un proyecto po\u00e9tico que use los sensores y\/o el servosistema de la ED1. Tambi\u00e9n pod\u00e9is jugar con la pantalla TFT integrada para ir haciendo salir caracteres que formen palabras y versos o interactuar con [&hellip;]<\/p>\n","protected":false},"author":2,"featured_media":0,"parent":0,"menu_order":0,"comment_status":"closed","ping_status":"closed","template":"","meta":[],"acf":[],"_links":{"self":[{"href":"http:\/\/quadern-tpi.recursos.uoc.edu\/es\/wp-json\/wp\/v2\/pages\/1000"}],"collection":[{"href":"http:\/\/quadern-tpi.recursos.uoc.edu\/es\/wp-json\/wp\/v2\/pages"}],"about":[{"href":"http:\/\/quadern-tpi.recursos.uoc.edu\/es\/wp-json\/wp\/v2\/types\/page"}],"author":[{"embeddable":true,"href":"http:\/\/quadern-tpi.recursos.uoc.edu\/es\/wp-json\/wp\/v2\/users\/2"}],"replies":[{"embeddable":true,"href":"http:\/\/quadern-tpi.recursos.uoc.edu\/es\/wp-json\/wp\/v2\/comments?post=1000"}],"version-history":[{"count":7,"href":"http:\/\/quadern-tpi.recursos.uoc.edu\/es\/wp-json\/wp\/v2\/pages\/1000\/revisions"}],"predecessor-version":[{"id":2646,"href":"http:\/\/quadern-tpi.recursos.uoc.edu\/es\/wp-json\/wp\/v2\/pages\/1000\/revisions\/2646"}],"wp:attachment":[{"href":"http:\/\/quadern-tpi.recursos.uoc.edu\/es\/wp-json\/wp\/v2\/media?parent=1000"}],"curies":[{"name":"wp","href":"https:\/\/api.w.org\/{rel}","templated":true}]}}